{"id":15252,"date":"2024-11-28T01:09:45","date_gmt":"2024-11-28T00:09:45","guid":{"rendered":"https:\/\/horepos.com\/producto\/tpv-tysso-modelo-tp-9616\/"},"modified":"2024-11-28T01:09:45","modified_gmt":"2024-11-28T00:09:45","slug":"tpv-tysso-modelo-tp-9616","status":"publish","type":"product","link":"https:\/\/horepos.com\/pt-pt\/produto\/tpv-tysso-modelo-tp-9616\/","title":{"rendered":"TPV Tysso Modelo TP-9616"},"content":{"rendered":"<p>TPV Profesional TYSSO TP-9616<\/p>\n<p>El <strong>TPV TYSSO TP-9616<\/strong> es un sistema con pantalla de 15,6\u2033 de dise\u00f1o actual y \u00e1ngulo de inclinaci\u00f3n de 0\u00ba a 90\u00ba. Sus modernos procesadores le confieren un excelente rendimiento.<\/p>\n","protected":false},"excerpt":{"rendered":"<ul>\n<li>Sistema operativo: Windows<\/li>\n<li>Procesador: J6412<\/li>\n<li>Memoria: 4Gb Ram Amp.16 \/ 128Gb SSD<\/li>\n<li>Pantalla 15\u201c<\/li>\n<\/ul>\n","protected":false},"featured_media":16559,"template":"","meta":{"_acf_changed":false},"product_brand":[],"product_cat":[513,2476,377,2548],"product_tag":[],"class_list":{"0":"post-15252","1":"product","2":"type-product","3":"status-publish","4":"has-post-thumbnail","6":"product_cat-pdv-do-windows","7":"product_cat-marcas-pt-pt","8":"product_cat-tpvs-pt-pt","9":"product_cat-tysso-pt-pt","11":"first","12":"instock","13":"taxable","14":"shipping-taxable","15":"product-type-simple"},"acf":[],"_links":{"self":[{"href":"https:\/\/horepos.com\/pt-pt\/wp-json\/wp\/v2\/product\/15252","targetHints":{"allow":["GET"]}}],"collection":[{"href":"https:\/\/horepos.com\/pt-pt\/wp-json\/wp\/v2\/product"}],"about":[{"href":"https:\/\/horepos.com\/pt-pt\/wp-json\/wp\/v2\/types\/product"}],"wp:featuredmedia":[{"embeddable":true,"href":"https:\/\/horepos.com\/pt-pt\/wp-json\/wp\/v2\/media\/16559"}],"wp:attachment":[{"href":"https:\/\/horepos.com\/pt-pt\/wp-json\/wp\/v2\/media?parent=15252"}],"wp:term":[{"taxonomy":"product_brand","embeddable":true,"href":"https:\/\/horepos.com\/pt-pt\/wp-json\/wp\/v2\/product_brand?post=15252"},{"taxonomy":"product_cat","embeddable":true,"href":"https:\/\/horepos.com\/pt-pt\/wp-json\/wp\/v2\/product_cat?post=15252"},{"taxonomy":"product_tag","embeddable":true,"href":"https:\/\/horepos.com\/pt-pt\/wp-json\/wp\/v2\/product_tag?post=15252"}],"curies":[{"name":"wp","href":"https:\/\/api.w.org\/{rel}","templated":true}]}}