{"id":3790,"date":"2022-11-23T04:22:04","date_gmt":"2022-11-23T03:22:04","guid":{"rendered":"https:\/\/horepos.com\/politica-de-biscoitos\/"},"modified":"2022-12-07T15:37:32","modified_gmt":"2022-12-07T14:37:32","slug":"politica-de-biscoitos","status":"publish","type":"page","link":"https:\/\/horepos.com\/pt-pt\/politica-de-biscoitos\/","title":{"rendered":"Pol\u00edtica de Biscoitos"},"content":{"rendered":"\t\t<div data-elementor-type=\"wp-page\" data-elementor-id=\"3790\" class=\"elementor elementor-3790 elementor-1286\" data-elementor-post-type=\"page\">\n\t\t\t\t\t\t<section class=\"elementor-section elementor-top-section elementor-element elementor-element-a6ded59 elementor-section-full_width elementor-section-height-default elementor-section-height-default\" data-id=\"a6ded59\" data-element_type=\"section\" data-e-type=\"section\">\n\t\t\t\t\t\t<div class=\"elementor-container elementor-column-gap-default\">\n\t\t\t\t\t<div class=\"elementor-column elementor-col-100 elementor-top-column elementor-element elementor-element-a49adaf\" data-id=\"a49adaf\" data-element_type=\"column\" data-e-type=\"column\">\n\t\t\t<div class=\"elementor-widget-wrap elementor-element-populated\">\n\t\t\t\t\t\t<div class=\"elementor-element elementor-element-9e8725b elementor-widget elementor-widget-text-editor\" data-id=\"9e8725b\" data-element_type=\"widget\" data-e-type=\"widget\" data-widget_type=\"text-editor.default\">\n\t\t\t\t<div class=\"elementor-widget-container\">\n\t\t\t\t\t\t\t\t\t<p>O site usa um analisador de tr\u00e1fego que usa pequenos arquivos de informa\u00e7\u00e3o chamados e conhecidos como &#8220;cookies&#8221; que o servidor envia ao computador da pessoa que acessa a p\u00e1gina da web para o correto funcionamento e visualiza\u00e7\u00e3o dos sites pelo usu\u00e1rio, bem como tais como a recolha de dados estat\u00edsticos sobre a utiliza\u00e7\u00e3o e navega\u00e7\u00e3o do nosso website.<\/p>\n<p>Podemos coletar informa\u00e7\u00f5es sobre seu computador, incluindo, quando aplic\u00e1vel, seu endere\u00e7o IP, sistema operacional e tipo de navegador. Os cookies cont\u00eam informa\u00e7\u00f5es que s\u00e3o transferidas para o disco r\u00edgido do seu computador.<\/p>\n<p>Os cookies tamb\u00e9m nos ajudam a melhorar nosso site e a fornecer um servi\u00e7o melhor e mais personalizado. Especificamente, elas permitem-nos faz\u00ea-lo:<\/p>\n<ul>\n<li>N\u00fameros estimados e padr\u00f5es de utiliza\u00e7\u00e3o.<\/li>\n<li>Armazene informa\u00e7\u00f5es sobre suas prefer\u00eancias e personalize nosso site de acordo com seus interesses individuais.<\/li>\n<li>Acelere as suas buscas.<\/li>\n<li>Reconhec\u00ea-lo quando regressar ao nosso site.<\/li>\n<\/ul>\n<h4><strong>ACEITA\u00c7\u00c3O E\/OU REJEI\u00c7\u00c3O DA POL\u00cdTICA DE COOKIES<\/strong><\/h4>\n<p>Este site exibe informa\u00e7\u00f5es sobre sua Pol\u00edtica de Cookies na parte inferior ou superior do portal a cada login para que voc\u00ea esteja ciente e informado sobre isso. Voc\u00ea pode aceitar a instala\u00e7\u00e3o de cookies em seu navegador da web por meio de uma a\u00e7\u00e3o afirmativa e positiva.<\/p>\n<p>Tamb\u00e9m pode recusar a utiliza\u00e7\u00e3o de cookies optando por recusar a instala\u00e7\u00e3o e a sua utiliza\u00e7\u00e3o no seu navegador. No entanto, voc\u00ea deve estar ciente de que, se fizer isso, poder\u00e1 n\u00e3o conseguir usar todas as funcionalidades deste site.<\/p>\n<p>Este s\u00edtio web processa informa\u00e7\u00e3o sobre si pelo Google. Para este efeito, informa-se que a Google Inc. (Google Inc.) tem o estatuto de &#8220;porto seguro&#8221; em termos de regulamentos de protec\u00e7\u00e3o de dados pessoais.<\/p>\n<p>O Utilizador deve dar o seu consentimento pr\u00e9vio, salvo indica\u00e7\u00e3o em contr\u00e1rio, \u00e0 utiliza\u00e7\u00e3o de \u201ccookies\u201d e autoriza ainda a monitoriza\u00e7\u00e3o do seu IP durante a navega\u00e7\u00e3o no website. A menos que voc\u00ea tenha ajustado as configura\u00e7\u00f5es do seu navegador para rejeitar cookies, nosso sistema produzir\u00e1 cookies quando voc\u00ea se conectar ao nosso site. Seguindo as diretrizes europeias dos regulamentos de prote\u00e7\u00e3o de dados que podem ser afetados pelo uso de cookies, os diferentes navegadores da Internet possuem ferramentas de configura\u00e7\u00e3o para que o Usu\u00e1rio, se desejar, possa desativar e\/ou eliminar esses cookies ou Ativar o modo de navega\u00e7\u00e3o privada em seu navegador.<\/p>\n<p>Pode permitir, bloquear ou eliminar os cookies instalados no seu computador configurando as op\u00e7\u00f5es do navegador instalado no seu computador:<\/p>\n<p><strong>Chrome<\/strong>: <a href=\"https:\/\/support.google.com\/chrome\/answer\/95647?hl=es\" rel=\"nofollow noopener\" target=\"_blank\">https:\/\/support.google.com\/chrome\/answer\/95647?hl=es<\/a><\/p>\n<p><strong>Explorer<\/strong>: <a href=\"http:\/\/windows.microsoft.com\/es-es\/windows7\/how-to-manage-cookies-ininternetexplorer-9\" rel=\"nofollow noopener\" target=\"_blank\">http:\/\/windows.microsoft.com\/es-es\/windows7\/how-to-manage-cookies-ininternetexplorer-9<\/a><\/p>\n<p><strong>Firefox<\/strong>: <a href=\"https:\/\/support.mozilla.org\/es\/kb\/habilitar-y-deshabilitar-cookies-que-los-sitios-web\" rel=\"nofollow noopener\" target=\"_blank\">https:\/\/support.mozilla.org\/es\/kb\/habilitar-y-deshabilitar-cookies-que-los-sitios-web<\/a><\/p>\n<p><strong>Safari<\/strong>: <a href=\"https:\/\/support.apple.com\/kb\/ph5042?locale=es_ES\" rel=\"nofollow noopener\" target=\"_blank\">https:\/\/support.apple.com\/kb\/ph5042?locale=es_ES<\/a><\/p>\n<\/p>\n<h4><strong>QUE COOKIES UTILIZAMOS E PARA QUE FINS?<\/strong><\/h4>\n<p>Abaixo encontra-se uma explica\u00e7\u00e3o mais detalhada de cada tipo de cookie, temporalidade, propriedade, finalidade e dom\u00ednios:<\/p>\n<p>Google Analytics es un servicio anal\u00edtico de web prestado por Google, Inc., una compa\u00f1\u00eda de Delaware cuya oficina principal est\u00e1 en 1600 Amphitheatre Parkway, Mountain View (California), CA94043, Estados Unidos (\u201cGoogle\u201d). Google Analytics usa las siguientes cookies: _ga, _gat, _gid, y otras posibles cookies a cargar por el servicio de monitorizaci\u00f3n de visitas de Google.<\/p>\n<p>Estes cookies est\u00e3o habituados:<\/p>\n<ul>\n<li>N\u00fameros estimados e padr\u00f5es de utiliza\u00e7\u00e3o.<\/li>\n<li>Armazene informa\u00e7\u00f5es sobre as suas prefer\u00eancias e personalize o nosso s\u00edtio web de acordo com os seus interesses individuais.<\/li>\n<li>Acelere as suas buscas.<\/li>\n<li>Reconhec\u00ea-lo quando regressar ao nosso site.<\/li>\n<li>Gerar um identificador de utilizador \u00fanico, que \u00e9 utilizado para contar quantas vezes um utilizador visita o s\u00edtio, bem como a data da primeira e da \u00faltima visita.<\/li>\n<li>Registar a data e hora de acesso a qualquer uma das p\u00e1ginas do Website.<\/li>\n<li>Verificar a necessidade de manter uma sess\u00e3o do utilizador aberta ou criar uma nova sess\u00e3o.<\/li>\n<li>Para identificar a sess\u00e3o do utilizador, para recolher a localiza\u00e7\u00e3o geogr\u00e1fica aproximada do computador que acede ao S\u00edtio para fins estat\u00edsticos.<\/li>\n<\/ul>\n<p>Podem ser tanto tempor\u00e1rios como persistentes.<\/p>\n<p>No caso de qualquer discrep\u00e2ncia entre o significado de qualquer vers\u00e3o traduzida deste documento e a vers\u00e3o original em idioma espanhol, prevalecer\u00e1 a vers\u00e3o em idioma espanhol.<\/p><\/p>\n\t\t\t\t\t\t\t\t<\/div>\n\t\t\t\t<\/div>\n\t\t\t\t\t<\/div>\n\t\t<\/div>\n\t\t\t\t\t<\/div>\n\t\t<\/section>\n\t\t\t\t<\/div>\n\t\t","protected":false},"excerpt":{"rendered":"<p>O site usa um analisador de tr\u00e1fego que usa pequenos arquivos de informa\u00e7\u00e3o chamados e conhecidos como &#8220;cookies&#8221; que o servidor envia ao computador da pessoa<span class=\"excerpt-hellip\"> [\u2026]<\/span><\/p>\n","protected":false},"author":184,"featured_media":0,"parent":0,"menu_order":105,"comment_status":"closed","ping_status":"closed","template":"elementor_header_footer","meta":{"_acf_changed":false,"footnotes":""},"class_list":["post-3790","page","type-page","status-publish","hentry"],"acf":[],"_links":{"self":[{"href":"https:\/\/horepos.com\/pt-pt\/wp-json\/wp\/v2\/pages\/3790","targetHints":{"allow":["GET"]}}],"collection":[{"href":"https:\/\/horepos.com\/pt-pt\/wp-json\/wp\/v2\/pages"}],"about":[{"href":"https:\/\/horepos.com\/pt-pt\/wp-json\/wp\/v2\/types\/page"}],"author":[{"embeddable":true,"href":"https:\/\/horepos.com\/pt-pt\/wp-json\/wp\/v2\/users\/184"}],"replies":[{"embeddable":true,"href":"https:\/\/horepos.com\/pt-pt\/wp-json\/wp\/v2\/comments?post=3790"}],"version-history":[{"count":0,"href":"https:\/\/horepos.com\/pt-pt\/wp-json\/wp\/v2\/pages\/3790\/revisions"}],"wp:attachment":[{"href":"https:\/\/horepos.com\/pt-pt\/wp-json\/wp\/v2\/media?parent=3790"}],"curies":[{"name":"wp","href":"https:\/\/api.w.org\/{rel}","templated":true}]}}