{"id":3788,"date":"2022-11-23T04:25:56","date_gmt":"2022-11-23T03:25:56","guid":{"rendered":"https:\/\/horepos.com\/politica-de-privacidade\/"},"modified":"2022-12-07T15:34:20","modified_gmt":"2022-12-07T14:34:20","slug":"politica-de-privacidade","status":"publish","type":"page","link":"https:\/\/horepos.com\/pt-pt\/politica-de-privacidade\/","title":{"rendered":"Pol\u00edtica de privacidade"},"content":{"rendered":"\t\t<div data-elementor-type=\"wp-page\" data-elementor-id=\"3788\" class=\"elementor elementor-3788 elementor-3\" data-elementor-post-type=\"page\">\n\t\t\t\t\t\t<section class=\"elementor-section elementor-top-section elementor-element elementor-element-55a0184 elementor-section-full_width elementor-section-height-default elementor-section-height-default\" data-id=\"55a0184\" data-element_type=\"section\" data-e-type=\"section\">\n\t\t\t\t\t\t<div class=\"elementor-container elementor-column-gap-default\">\n\t\t\t\t\t<div class=\"elementor-column elementor-col-100 elementor-top-column elementor-element elementor-element-6485016\" data-id=\"6485016\" data-element_type=\"column\" data-e-type=\"column\">\n\t\t\t<div class=\"elementor-widget-wrap elementor-element-populated\">\n\t\t\t\t\t\t<div class=\"elementor-element elementor-element-d6b6bfd elementor-widget elementor-widget-text-editor\" data-id=\"d6b6bfd\" data-element_type=\"widget\" data-e-type=\"widget\" data-widget_type=\"text-editor.default\">\n\t\t\t\t<div class=\"elementor-widget-container\">\n\t\t\t\t\t\t\t\t\t<p>Esta pol\u00edtica expressa como as informa\u00e7\u00f5es pessoais de todas as pessoas relacionadas \u00e0 HOREPOS por meio deste site ser\u00e3o tratadas e protegidas. Por favor, voc\u00ea deve ler todas as se\u00e7\u00f5es do Aviso Legal, a Pol\u00edtica de Cookies, se aplic\u00e1vel, e esta Pol\u00edtica de Privacidade antes de usar este site.<\/p>\n<p>De acordo com o disposto no Regulamento da UE 2016\/679, do Parlamento Europeu e do Conselho de 27 de abril de 2016 (RGPD) e na Lei Org\u00e2nica 3\/2018, de 5 de dezembro, sobre a prote\u00e7\u00e3o de dados pessoais e garantia de dados pessoais . direitos digitais, Horepos, informa que, ao aceitar esta Pol\u00edtica de Privacidade, voc\u00ea d\u00e1 seu consentimento expresso, informado, livre e inequ\u00edvoco para os dados que voc\u00ea fornece, e sobre os quais s\u00e3o tratadas as medidas de seguran\u00e7a, t\u00e9cnicas e organizacionais previstas na regulamenta\u00e7\u00e3o em vigor. por Emilio Torres, como respons\u00e1vel pelo tratamento.<\/p>\n<p>Os dados pessoais que possamos recolher diretamente do interessado atrav\u00e9s de www.horepos.com ser\u00e3o tratados de forma confidencial e ser\u00e3o incorporados na respetiva atividade de tratamento propriedade da HOREPOS.<\/p>\n<p> <\/p>\n<h4><strong>QUEM \u00c9 RESPONS\u00c1VEL POR ESTE S\u00cdTIO WEB?<\/strong><\/h4>\n<p>Identidad del responsable: CONTROLES, REGISTROS Y M\u00c1QUINAS, S. L., en adelante HOREPOS<\/p>\n<p>NIF\/CIF: B-29087574<\/p>\n<p>Direcci\u00f3n: C\/ Iv\u00e1n Pavlov, 5. Parque Tecnol\u00f3gico, 29590 Campanillas &#8211; M\u00e1laga<\/p>\n<p>Correo electr\u00f3nico: info@horepos.com<\/p>\n<p>Tel\u00e9fono: +34 952 234 938<\/p>\n<p> <\/p>\n<h4><strong>QUE DADOS PESSOAIS S\u00c3O RECOLHIDOS NESTE S\u00cdTIO WEB?<\/strong><\/h4>\n<p>Para as finalidades estabelecidas nesta Pol\u00edtica de Privacidade, a HOREPOS recolhe e trata os dados pessoais abaixo detalhados, os quais depender\u00e3o dos diferentes produtos ou servi\u00e7os solicitados neste website:<\/p>\n<p><strong>Dados de identifica\u00e7\u00e3o<\/strong>: nome, apelido, nome pr\u00f3prio.<\/p>\n<p>Dados de <strong>contacto<\/strong>: endere\u00e7o postal, endere\u00e7o de correio electr\u00f3nico, n\u00famero de telem\u00f3vel.<\/p>\n<p><strong>Dados contratuais<\/strong>: dados sobre transac\u00e7\u00f5es contratuais, DNI \/ CIF \/ NIF, produtos e servi\u00e7os adquiridos, transac\u00e7\u00f5es financeiras, dados de pagamento.<\/p>\n<p><strong>Dados de navega\u00e7\u00e3o:<\/strong> endere\u00e7o IP, tipo e identifica\u00e7\u00e3o do dispositivo, tipo de navegador, dom\u00ednio atrav\u00e9s do qual acede ao Site, dados de navega\u00e7\u00e3o, atividade no Site.<\/p>\n<p> <\/p>\n<h4><strong>SOBRE QUE BASE JUR\u00cdDICA S\u00c3O ESTES DADOS PROCESSADOS?<\/strong><\/h4>\n<p>Processamos os seus dados pessoais com base nas seguintes bases legais:<\/p>\n<ul>\n<li>A execu\u00e7\u00e3o de um contrato com a HOREPOS, para a contrata\u00e7\u00e3o de servi\u00e7os e\/ou compra de produtos e para a gest\u00e3o dos servi\u00e7os solicitados.<\/li>\n<li>O consentimento do utilizador relativamente ao contacto, \u00e0 subscri\u00e7\u00e3o de conte\u00fados e ao envio de comunica\u00e7\u00f5es comerciais, via correio, cookies ou sistemas de mensagens.<\/li>\n<li>O interesse leg\u00edtimo do controlador de dados para proteger os usu\u00e1rios da web de abuso e fraude no uso de nossos servi\u00e7os.<\/li>\n<\/ul>\n<p> <\/p>\n<h4><strong>PARA QUE FINS PROCESSAREMOS OS SEUS DADOS?<\/strong><\/h4>\n<p>Neste website, podem existir diferentes formas. Em cada uma delas, a informa\u00e7\u00e3o que recolher ser\u00e1 utilizada da seguinte forma:<\/p>\n<p><strong>Formul\u00e1rio de contacto\/suporte:<\/strong> Nos formul\u00e1rios de consultas, sugest\u00f5es ou contacto profissional, ser\u00e1 utilizado o endere\u00e7o de correio eletr\u00f3nico para responder aos mesmos e enviar a informa\u00e7\u00e3o que o utilizador requeira atrav\u00e9s da web.<\/p>\n<p><strong>Formul\u00e1rio de Cadastro:<\/strong> Neste caso, solicitaremos seus dados pessoais para que voc\u00ea crie uma conta em nosso sistema e possa acessar suas funcionalidades.<\/p>\n<p><strong>Formul\u00e1rio de venda:<\/strong> Trataremos os seus dados para gerir a compra dos nossos produtos e\/ou servi\u00e7os, incluindo gest\u00e3o de encomendas, pagamento e todas as opera\u00e7\u00f5es relacionadas com a contrata\u00e7\u00e3o do servi\u00e7o ou produto escolhido. Isto inclui o envio de e-mails de acompanhamento, respostas, facturas, recibos, etc.<\/p>\n<p> <\/p>\n<h4><strong>PER\u00cdODO DE RETEN\u00c7\u00c3O DE DADOS PESSOAIS<\/strong><\/h4>\n<p>Os dados pessoais fornecidos ser\u00e3o conservados durante o menor per\u00edodo de tempo poss\u00edvel, tendo em conta as raz\u00f5es pelas quais o tratamento dos dados \u00e9 necess\u00e1rio, bem como as obriga\u00e7\u00f5es legais de conserva\u00e7\u00e3o dos dados por um determinado per\u00edodo de tempo, tais como legisla\u00e7\u00e3o laboral, fiscal ou de seguran\u00e7a. luta contra a fraude, que obrigam \u00e0 conserva\u00e7\u00e3o dos dados pessoais durante um determinado per\u00edodo, ou desde que o interessado n\u00e3o retire o seu consentimento.<\/p>\n<p>Posteriormente, os dados ser\u00e3o eliminados de acordo com o disposto no regulamento de prote\u00e7\u00e3o de dados, o que implica o seu bloqueio, ficando dispon\u00edveis apenas a pedido de Ju\u00edzes e Tribunais, do Minist\u00e9rio P\u00fablico ou das Administra\u00e7\u00f5es P\u00fablicas competentes durante o prazo de prescri\u00e7\u00e3o das a\u00e7\u00f5es .que possam derivar e, ap\u00f3s isso, ser\u00e3o totalmente eliminados.<\/p>\n<p><strong>Dados do cliente:<\/strong> O prazo de conserva\u00e7\u00e3o dos dados pessoais ir\u00e1 variar consoante o servi\u00e7o que o cliente contrate. Em qualquer caso, deve ser o m\u00ednimo necess\u00e1rio e pode ser mantido at\u00e9 ao m\u00e1ximo:<\/p>\n<p>\u2013 4 a\u00f1os: Arts. 66 y ss. Direito Fiscal Geral (livros de contabilidade&#8230;).<\/p>\n<p>&#8211; 5 anos: Art. 1964 do C\u00f3digo Civil (ac\u00e7\u00f5es pessoais sem limite de tempo especial).<\/p>\n<p>&#8211; 6 anos: Art. 30\u00ba do C\u00f3digo Comercial (livros de contabilidade, facturas, etc.).<\/p>\n<p>&#8211; 10 anos: Art. 25 da Lei sobre a Preven\u00e7\u00e3o do Branqueamento de Capitais e do Financiamento do Terrorismo.<\/p>\n<p><strong>Distribuidor ou dados de registo<\/strong>: Desde o momento em que o utilizador d\u00e1 o seu consentimento at\u00e9 ao momento em que o utilizador o retira.<\/p>\n<p> <\/p>\n<h4><strong>QUAIS S\u00c3O OS SEUS DIREITOS RELATIVAMENTE \u00c0 UTILIZA\u00c7\u00c3O DOS SEUS DADOS?<\/strong><\/h4>\n<p>Qualquer pessoa tem o direito de obter confirma\u00e7\u00e3o sobre se HOREPOS est\u00e1 ou n\u00e3o a processar dados pessoais que lhe dizem respeito.<\/p>\n<p>As pessoas interessadas t\u00eam o direito de o fazer:<\/p>\n<ul>\n<li>Pedir acesso aos dados pessoais relativos ao titular dos dados.<\/li>\n<li>Solicitar a sua rectifica\u00e7\u00e3o ou apagamento.<\/li>\n<li>Solicitar o seu cancelamento.<\/li>\n<li>Solicitar a restri\u00e7\u00e3o do seu processamento.<\/li>\n<li>Tratamento oposto.<\/li>\n<li>Pedir portabilidade de dados.<\/li>\n<\/ul>\n<p>Caso tenha dado o seu consentimento para uma finalidade espec\u00edfica, tem o direito de retirar o consentimento concedido a qualquer momento, sem preju\u00edzo da legalidade do tratamento com base no consentimento anterior \u00e0 sua retirada.<\/p>\n<p>No caso de sentir que os seus direitos foram violados relativamente \u00e0 prote\u00e7\u00e3o dos seus dados pessoais, especialmente quando n\u00e3o obteve satisfa\u00e7\u00e3o no exerc\u00edcio dos seus direitos, pode apresentar uma reclama\u00e7\u00e3o junto da Autoridade de Controlo de Prote\u00e7\u00e3o de Dados.<\/p>\n<p>Para ejercitar estos derechos, puede escribir a info@horepos.com. Os formul\u00e1rios tamb\u00e9m podem ser entregues pessoalmente ou enviados por carta para os endere\u00e7os de contato do respons\u00e1vel acima indicados.<\/p>\n<p>No caso de actuar atrav\u00e9s de representa\u00e7\u00e3o legal, deve tamb\u00e9m fornecer o seu bilhete de identidade e um documento que certifique a representa\u00e7\u00e3o do representante.<\/p>\n<p>Ser\u00e1 necess\u00e1ria a apresenta\u00e7\u00e3o de fotoc\u00f3pia do DNI ou documento equivalente que comprove a identidade e seja considerado v\u00e1lido por lei, nos casos em que o respons\u00e1vel pelo tratamento tenha d\u00favidas sobre a sua identidade.<\/p>\n<p> <\/p>\n<h4><strong>NOTIFICA\u00c7\u00c3O E DECLARA\u00c7\u00c3O DE VIOLA\u00c7\u00d5ES<\/strong><\/h4>\n<p>informa\u00e7\u00e3o pessoal; No entanto, se o HOREPOS determinar que os dados pessoais que processa foram apropriados indevidamente, foram expostos por uma viola\u00e7\u00e3o de seguran\u00e7a ou adquiridos incorretamente por terceiros, o HOREPOS agir\u00e1 imediatamente, levando em considera\u00e7\u00e3o as disposi\u00e7\u00f5es do GDPR (The Regulation General Data Protection Act 2016 \/679 do Parlamento Europeu e do Conselho (UE)) e as autoridades de prote\u00e7\u00e3o de dados competentes.<\/p>\n<p> <\/p>\n<h4><strong>A QUE DESTINAT\u00c1RIOS SER\u00c3O COMUNICADOS OS SEUS DADOS?<\/strong><\/h4>\n<p>Para a realiza\u00e7\u00e3o de determinadas tarefas estritamente necess\u00e1rias ao desenvolvimento da atividade, a HOREPOS pode partilhar dados com diferentes prestadores de servi\u00e7os externos, por exemplo, empresa de desenvolvimento e manuten\u00e7\u00e3o web ou alojamento, servi\u00e7os de processamento de pagamentos, processamento de encomendas, gest\u00e3o de campanhas de marketing, gest\u00e3o de websites , e empresas de distribui\u00e7\u00e3o de e-mail, correio e transporte, para que possam desempenhar fun\u00e7\u00f5es comerciais em nome da HOREPOS. Todos eles ter\u00e3o assinado um contrato de presta\u00e7\u00e3o de servi\u00e7os que os obriga a manter o mesmo n\u00edvel de privacidade que se aplica aos tratamentos realizados neste site de acordo com as normas vigentes de prote\u00e7\u00e3o de dados.<\/p>\n<p> <\/p>\n<h4><strong>SIGILO E SEGURAN\u00c7A DE DADOS<\/strong><\/h4>\n<p>A HOREPOS compromete-se com a utiliza\u00e7\u00e3o e tratamento dos dados pessoais do utilizador, respeitando a sua confidencialidade, de acordo com a sua finalidade; bem como cumprir a sua obriga\u00e7\u00e3o de os guardar e adotar todas as medidas para evitar a sua altera\u00e7\u00e3o, perda, tratamento ou acesso n\u00e3o autorizado, de acordo com o disposto na normativa de prote\u00e7\u00e3o de dados em vigor.<\/p>\n<p>A HOREPOS n\u00e3o pode garantir a absoluta inexpugnabilidade da Internet, nem, portanto, a viola\u00e7\u00e3o de dados por acesso fraudulento aos mesmos por terceiros.<\/p>\n<p>Relativamente \u00e0 confidencialidade do tratamento, a HOREPOS assegurar\u00e1 que qualquer pessoa que esteja autorizada pela HOREPOS a tratar os dados do cliente (incluindo o seu pessoal, colaboradores e fornecedores), est\u00e1 sob a devida obriga\u00e7\u00e3o de confidencialidade (seja por dever contratual ou legal).<\/p>\n<p> <\/p>\n<h4><strong>PRECIS\u00c3O E VERACIDADE DOS DADOS<\/strong><\/h4>\n<p>Como usu\u00e1rio, voc\u00ea \u00e9 o \u00fanico respons\u00e1vel pela veracidade e exatid\u00e3o dos dados que nos enviar, exonerando a HOREPOS de qualquer responsabilidade a esse respeito. Os Utilizadores garantem e respondem, em qualquer caso, pela exatid\u00e3o, vig\u00eancia e autenticidade dos dados pessoais fornecidos, comprometendo-se a mant\u00ea-los devidamente atualizados.<\/p>\n<p> <\/p>\n<h4><strong>DADOS PESSOAIS DE TERCEIROS<\/strong><\/h4>\n<p>Caso os dados pessoais fornecidos perten\u00e7am a um terceiro, como usu\u00e1rio, voc\u00ea garante que informou a esse terceiro sobre esta Pol\u00edtica de Privacidade e obteve sua autoriza\u00e7\u00e3o para fornecer seus dados \u00e0 HOREPOS para os fins indicados. Da mesma forma, garante que os dados fornecidos s\u00e3o precisos e atualizados, sendo respons\u00e1vel por qualquer dano ou preju\u00edzo, direto ou indireto, que possa ser causado como consequ\u00eancia do incumprimento da referida obriga\u00e7\u00e3o.<\/p>\n<p> <\/p>\n<h4><strong>ALTERA\u00c7\u00d5ES \u00c0 POL\u00cdTICA DE PRIVACIDADE<\/strong><\/h4>\n<p>A HOREPOS reserva-se o direito de modificar esta pol\u00edtica para adapt\u00e1-la \u00e0 nova legisla\u00e7\u00e3o ou jurisprud\u00eancia, bem como \u00e0s pr\u00e1ticas da ind\u00fastria. Nesses casos, anunciar\u00e1 nesta p\u00e1gina as altera\u00e7\u00f5es introduzidas com razo\u00e1vel antecipa\u00e7\u00e3o de sua implementa\u00e7\u00e3o.<\/p>\n<p> <\/p>\n<h4><strong>INFORMA\u00c7\u00d5ES ADICIONAIS SOBRE PROTEC\u00c7\u00c3O DE DADOS<\/strong><\/h4>\n<p>Caso necessite de informa\u00e7\u00e3o adicional sobre prote\u00e7\u00e3o de dados, poder\u00e1 enviar-nos um email para info@horepos.com ou uma comunica\u00e7\u00e3o dirigida para a morada acima indicada, e, consoante o tipo de rela\u00e7\u00e3o que tenha com a nossa entidade e o tratamento de dados pessoais que realizamos, forneceremos as informa\u00e7\u00f5es adicionais correspondentes.<\/p>\n<p>No caso de qualquer discrep\u00e2ncia entre o significado de qualquer vers\u00e3o traduzida deste documento e a vers\u00e3o original em idioma espanhol, prevalecer\u00e1 a vers\u00e3o em idioma espanhol.<\/p>\t\t\t\t\t\t\t\t<\/div>\n\t\t\t\t<\/div>\n\t\t\t\t\t<\/div>\n\t\t<\/div>\n\t\t\t\t\t<\/div>\n\t\t<\/section>\n\t\t\t\t<\/div>\n\t\t","protected":false},"excerpt":{"rendered":"<p>Esta pol\u00edtica expressa como as informa\u00e7\u00f5es pessoais de todas as pessoas relacionadas \u00e0 HOREPOS por meio deste site ser\u00e3o tratadas e protegidas. Por favor, voc\u00ea deve<span class=\"excerpt-hellip\"> [\u2026]<\/span><\/p>\n","protected":false},"author":184,"featured_media":0,"parent":0,"menu_order":102,"comment_status":"closed","ping_status":"closed","template":"elementor_header_footer","meta":{"_acf_changed":false,"footnotes":""},"class_list":["post-3788","page","type-page","status-publish","hentry"],"acf":[],"_links":{"self":[{"href":"https:\/\/horepos.com\/pt-pt\/wp-json\/wp\/v2\/pages\/3788","targetHints":{"allow":["GET"]}}],"collection":[{"href":"https:\/\/horepos.com\/pt-pt\/wp-json\/wp\/v2\/pages"}],"about":[{"href":"https:\/\/horepos.com\/pt-pt\/wp-json\/wp\/v2\/types\/page"}],"author":[{"embeddable":true,"href":"https:\/\/horepos.com\/pt-pt\/wp-json\/wp\/v2\/users\/184"}],"replies":[{"embeddable":true,"href":"https:\/\/horepos.com\/pt-pt\/wp-json\/wp\/v2\/comments?post=3788"}],"version-history":[{"count":0,"href":"https:\/\/horepos.com\/pt-pt\/wp-json\/wp\/v2\/pages\/3788\/revisions"}],"wp:attachment":[{"href":"https:\/\/horepos.com\/pt-pt\/wp-json\/wp\/v2\/media?parent=3788"}],"curies":[{"name":"wp","href":"https:\/\/api.w.org\/{rel}","templated":true}]}}