{"id":2792,"date":"2022-08-17T05:45:09","date_gmt":"2022-08-17T03:45:09","guid":{"rendered":"https:\/\/horepos.com\/aviso-legal\/"},"modified":"2022-12-02T18:15:02","modified_gmt":"2022-12-02T17:15:02","slug":"aviso-legal","status":"publish","type":"page","link":"https:\/\/horepos.com\/pt-pt\/aviso-legal\/","title":{"rendered":"Aviso Legal"},"content":{"rendered":"\t\t<div data-elementor-type=\"wp-page\" data-elementor-id=\"2792\" class=\"elementor elementor-2792 elementor-224\" data-elementor-post-type=\"page\">\n\t\t\t\t\t\t<section class=\"elementor-section elementor-top-section elementor-element elementor-element-237e6df elementor-section-full_width elementor-section-height-default elementor-section-height-default\" data-id=\"237e6df\" data-element_type=\"section\" data-e-type=\"section\">\n\t\t\t\t\t\t<div class=\"elementor-container elementor-column-gap-default\">\n\t\t\t\t\t<div class=\"elementor-column elementor-col-100 elementor-top-column elementor-element elementor-element-6f7b481\" data-id=\"6f7b481\" data-element_type=\"column\" data-e-type=\"column\">\n\t\t\t<div class=\"elementor-widget-wrap elementor-element-populated\">\n\t\t\t\t\t\t<div class=\"elementor-element elementor-element-bd7c289 elementor-widget elementor-widget-text-editor\" data-id=\"bd7c289\" data-element_type=\"widget\" data-e-type=\"widget\" data-widget_type=\"text-editor.default\">\n\t\t\t\t<div class=\"elementor-widget-container\">\n\t\t\t\t\t\t\t\t\t<h4>Aviso Legal<\/h4>\n<p>Com a finalidade de dar cumprimento ao artigo 10 da Lei 34\/2002 de Servi\u00e7os da Sociedade da Informa\u00e7\u00e3o e Com\u00e9rcio Eletr\u00f4nico, informamos ao Usu\u00e1rio de nossos dados:<\/p>\n<ul>\n<li>Denomina\u00e7\u00e3o Social: CONTROLOS, REGISTOS E M\u00c1QUINAS, S. L. a seguir \u00abHOREPOS\u00bb<\/li>\n<li>Nombre Comercial: HOREPOS<\/li>\n<li>Domicilio Social: C\/ Iv\u00e1n Pavlov, 5. Parque Tecnol\u00f3gico, 29590 Campanillas &#8211; M\u00e1laga<\/li>\n<li>CIF\/DNI: B-29087574<\/li>\n<li>Tel\u00e9fono: 952 234 938<\/li>\n<li>Email: <a href=\"mailto:info@horepos.com\">info@horepos.com<\/a><\/li>\n<\/ul>\n<h4>Objeto<\/h4>\n<p>HOREPOS, respons\u00e1vel pelo s\u00edtio web, p\u00f5e \u00e0 disposi\u00e7\u00e3o dos utilizadores o presente documento com o qual pretende dar cumprimento \u00e0s obriga\u00e7\u00f5es previstas na Lei 34\/2002, de Servi\u00e7os da Sociedade da Informa\u00e7\u00e3o e do Com\u00e9rcio Electr\u00f3nico (LSSI-CE), bem como informar todos os Usu\u00e1rios do site sobre as condi\u00e7\u00f5es de uso do site.<\/p>\n<p>Qualquer pessoa que acesse este site assume o papel de Usu\u00e1rio, comprometendo-se \u00e0 observ\u00e2ncia e cumprimento rigoroso das disposi\u00e7\u00f5es aqui dispostas, bem como a qualquer outra disposi\u00e7\u00e3o legal que seja aplic\u00e1vel.<\/p>\n<p>O HOREPOS reserva-se o direito de modificar qualquer tipo de informa\u00e7\u00e3o que possa aparecer no s\u00edtio web, sem que exista obriga\u00e7\u00e3o de pr\u00e9-visto ou levar ao conhecimento dos Usu\u00e1rios, entendendo-se como suficiente com a publica\u00e7\u00e3o no s\u00edtio web <a href=\"http:\/\/www.horepos.com\">www.horepos.com<\/a>.<\/p>\n<h4>Responsabilidade<\/h4>\n<p>O HOREPOS isenta-se de qualquer responsabilidade decorrente das informa\u00e7\u00f5es publicadas no seu s\u00edtio Web, desde que essas informa\u00e7\u00f5es tenham sido manipuladas ou introduzidas por terceiros que n\u00e3o o seu.<\/p>\n<p>O site HOREPOS pode utilizar cookies (pequenos arquivos de informa\u00e7\u00e3o que o servidor envia ao computador de quem acessa o site) para realizar determinadas fun\u00e7\u00f5es que s\u00e3o consideradas imprescind\u00edveis para o correto funcionamento e visualiza\u00e7\u00e3o do site. Os cookies utilizados no s\u00edtio web t\u00eam, em todo o caso, car\u00e1cter tempor\u00e1rio com a \u00fanica finalidade de tornar mais eficaz a sua transmiss\u00e3o ulterior e desaparecem no final da sess\u00e3o do Utilizador. Em caso algum ser\u00e3o utilizados cookies para coletar informa\u00e7\u00f5es pessoais. <u>Saiba mais sobre a nossa pol\u00edtica de cookies.<\/u><\/p>\n<p>A partir do site do cliente \u00e9 poss\u00edvel que seja redirecionado para conte\u00fado de sites de terceiros. Como o HOREPOS n\u00e3o pode controlar sempre os conte\u00fados introduzidos por terceiros nos seus s\u00edtios Web, o HOREPOS n\u00e3o assume qualquer responsabilidade por esses conte\u00fados. Em qualquer caso, HOREPOS declara que proceder\u00e1 \u00e0 retirada imediata de qualquer conte\u00fado que possa violar a legisla\u00e7\u00e3o nacional ou internacional, a moral ou a ordem p\u00fablica, procedendo \u00e0 retirada imediata da redirecionamento para esse s\u00edtio web, comunicando \u00e0s autoridades competentes o conte\u00fado em quest\u00e3o.<\/p>\n<p>O prestador n\u00e3o \u00e9 respons\u00e1vel por informa\u00e7\u00f5es e conte\u00fados armazenados, a t\u00edtulo enunciativo, mas n\u00e3o limitativo, em f\u00f3runs, chats, geradores de blogs, coment\u00e1rios, redes sociais ou qualquer outro meio que permita a terceiros publicar conte\u00fados de forma independente na p\u00e1gina web do HOREPOS. No entanto, e em conformidade com o disposto no art. 11 e 16 da LSSI-CE, a HOREPOS \u00e9 colocada \u00e0 disposi\u00e7\u00e3o de todos os utilizadores, autoridades e for\u00e7as de seguran\u00e7a, colaborando activamente na retirada ou, se for caso disso, bloqueio de todos os conte\u00fados que possam afectar ou violar a legisla\u00e7\u00e3o nacional, ou internacional, direitos de terceiros ou moral e ordem p\u00fablica. Caso o Utilizador considere que existe no s\u00edtio web algum conte\u00fado que possa ser suscept\u00edvel desta classifica\u00e7\u00e3o, deve notificar imediatamente o administrador do s\u00edtio web.<\/p>\n<p>Este site foi revisto e testado para funcionar corretamente. Em princ\u00edpio, pode garantir-se o correcto funcionamento 365 dias por ano, 24 horas por dia. No entanto, HOREPOS n\u00e3o descarta a possibilidade de que existam certos erros de programa\u00e7\u00e3o, ou que aconte\u00e7am causas de for\u00e7a maior, cat\u00e1strofes naturais, greves, ou circunst\u00e2ncias semelhantes que tornem imposs\u00edvel o acesso \u00e0 p\u00e1gina web.<\/p>\n<h4>Propriedade intelectual e industrial<\/h4>\n<p>O site, incluindo a t\u00edtulo enunciativo, mas n\u00e3o limitativo a sua programa\u00e7\u00e3o, edi\u00e7\u00e3o, compila\u00e7\u00e3o e outros elementos necess\u00e1rios para o seu funcionamento, desenhos, logotipos, texto e\/ou gr\u00e1ficos s\u00e3o propriedade do prestador ou, se for caso disso, possui licen\u00e7a ou autoriza\u00e7\u00e3o expressa por parte dos autores. Todos os conte\u00fados do s\u00edtio web est\u00e3o devidamente protegidos pela legisla\u00e7\u00e3o de propriedade intelectual e industrial, bem como inscritos nos registos p\u00fablicos correspondentes.<\/p>\n<p>Independentemente da finalidade para a qual foram destinados, a reprodu\u00e7\u00e3o total ou parcial, utiliza\u00e7\u00e3o, explora\u00e7\u00e3o, distribui\u00e7\u00e3o e comercializa\u00e7\u00e3o exige, em qualquer caso, a autoriza\u00e7\u00e3o pr\u00e9via por escrito da HOREPOS. Qualquer uso n\u00e3o autorizado anteriormente por HOREPOS ser\u00e1 considerado uma viola\u00e7\u00e3o grave dos direitos de propriedade intelectual do autor.<\/p>\n<p>Os desenhos, logotipos, texto e\/ou gr\u00e1ficos alheios ao prestador e que possam aparecer no s\u00edtio web pertencem aos respectivos propriet\u00e1rios, sendo eles pr\u00f3prios respons\u00e1veis por qualquer eventual controv\u00e9rsia que possa surgir em rela\u00e7\u00e3o aos mesmos. Em qualquer caso, o HOREPOS \u00e9 expressamente autorizado e previamente autorizado por estes.<\/p>\n<p>HOREPOS N\u00c3O AUTORIZA expressamente a que terceiros possam redirecionar diretamente aos conte\u00fados concretos do site, devendo em todo caso redirecionar para o site principal da HOREPOS.<\/p>\n<p>O prestador reconhece aos seus titulares os direitos de propriedade industrial e intelectual correspondentes, n\u00e3o implicando a sua \u00fanica men\u00e7\u00e3o ou apari\u00e7\u00e3o no s\u00edtio web a exist\u00eancia de direitos ou responsabilidade do prestador sobre os mesmos, nem tampouco apoio, patroc\u00ednio ou recomenda\u00e7\u00e3o por parte do mesmo.<\/p>\n<p>A fim de apresentar observa\u00e7\u00f5es sobre eventuais viola\u00e7\u00f5es dos direitos de propriedade intelectual, bem como sobre qualquer conte\u00fado do s\u00edtio web, pode faz\u00ea-lo atrav\u00e9s do correio electr\u00f3nico que figura nos dados identificativos no in\u00edcio deste documento.<\/p>\n<h4>veracidade das informa\u00e7\u00f5es<\/h4>\n<p>Todas as informa\u00e7\u00f5es fornecidas pelo Usu\u00e1rio devem ser verdadeiras. Para este efeito, o Usu\u00e1rio garante a autenticidade dos dados comunicados atrav\u00e9s dos formul\u00e1rios para a contrata\u00e7\u00e3o dos Servi\u00e7os. Ser\u00e1 responsabilidade do Usu\u00e1rio manter todas as informa\u00e7\u00f5es fornecidas \u00e0 empresa permanentemente atualizadas de forma que responda, em cada momento, \u00e0 sua situa\u00e7\u00e3o real. Em qualquer caso, o Usu\u00e1rio ser\u00e1 o \u00fanico respons\u00e1vel pelas declara\u00e7\u00f5es falsas ou inexatas que realize e pelos danos que cause a prestador ou a terceiros.<\/p>\n<h4>Obriga\u00e7\u00e3o de utilizar correctamente a Web<\/h4>\n<p>O Utilizador compromete-se a utilizar a Web de conformidade \u00e0 Lei e ao presente Aviso Legal, bem como \u00e0 moral e a bons costumes. Para este efeito, o Utilizador abster-se-\u00e1 de utilizar a p\u00e1gina com finalidades il\u00edcitas ou proibidas, lesivas de direitos e interesses de terceiros, ou que de qualquer forma possam danificar, inutilizar, sobrecarregar, Deteriorar ou impedir a utiliza\u00e7\u00e3o normal de equipamento inform\u00e1tico ou documentos, ficheiros e todos os tipos de conte\u00fados armazenados em qualquer equipamento inform\u00e1tico HOREPOS.<\/p>\n<p>Em particular, e a t\u00edtulo indicativo, mas n\u00e3o exaustivo, o Utilizador compromete-se a n\u00e3o transmitir, difundir ou p\u00f4r \u00e0 disposi\u00e7\u00e3o de terceiros informa\u00e7\u00f5es, dados, conte\u00fados, mensagens, gr\u00e1ficos, desenhos, ficheiros de som ou de imagem, fotografias, grava\u00e7\u00f5es, software e, em geral, Qualquer tipo de material que:<\/p>\n<ol>\n<li>Pelo contr\u00e1rio, despreze ou atente contra os direitos fundamentais e as liberdades p\u00fablicas reconhecidas constitucionalmente em tratados internacionais e outras normas em vigor;<\/li>\n<li>Induza, incite ou promova actos criminosos, degradantes, difamat\u00f3rios, violentos ou, em geral, contr\u00e1rios \u00e0 lei, \u00e0 moral e \u00e0 ordem p\u00fablica;<\/li>\n<li>Induza, incentiva ou promove a\u00e7\u00f5es, atitudes ou pensamentos discriminat\u00f3rios em raz\u00e3o do sexo, ra\u00e7a, religi\u00e3o, cren\u00e7a, idade ou condi\u00e7\u00e3o;<\/li>\n<li>Seja contr\u00e1rio ao direito \u00e0 honra, \u00e0 privacidade pessoal ou familiar ou \u00e0 imagem das pessoas;<\/li>\n<li>De qualquer forma, prejudique a credibilidade do prestador ou de terceiros; e<\/li>\n<li>Constitua publicidade il\u00edcita, enganosa ou desleal.<\/li>\n<\/ol>\n<h4>Lei aplic\u00e1vel e jurisdi\u00e7\u00e3o<\/h4>\n<p>Para a resolu\u00e7\u00e3o de todos os diferendos ou quest\u00f5es relacionadas com o presente s\u00edtio web ou das actividades nele desenvolvidas, \u00e9 aplic\u00e1vel a legisla\u00e7\u00e3o espanhola, \u00e0 qual as partes se submetem expressamente, sendo os tribunais de M\u00e1laga competentes para a resolu\u00e7\u00e3o de todos os lit\u00edgios derivados ou relacionados com a sua utiliza\u00e7\u00e3o.<\/p>\n<p>No caso de qualquer discrep\u00e2ncia entre o significado de qualquer vers\u00e3o traduzida deste documento e a vers\u00e3o original em idioma espanhol, prevalecer\u00e1 a vers\u00e3o em idioma espanhol.<\/p>\n\t\t\t\t\t\t\t\t<\/div>\n\t\t\t\t<\/div>\n\t\t\t\t\t<\/div>\n\t\t<\/div>\n\t\t\t\t\t<\/div>\n\t\t<\/section>\n\t\t\t\t<\/div>\n\t\t","protected":false},"excerpt":{"rendered":"<p>Aviso Legal Com a finalidade de dar cumprimento ao artigo 10 da Lei 34\/2002 de Servi\u00e7os da Sociedade da Informa\u00e7\u00e3o e Com\u00e9rcio Eletr\u00f4nico, informamos ao Usu\u00e1rio<span class=\"excerpt-hellip\"> [\u2026]<\/span><\/p>\n","protected":false},"author":184,"featured_media":0,"parent":0,"menu_order":100,"comment_status":"closed","ping_status":"closed","template":"elementor_header_footer","meta":{"_acf_changed":false,"footnotes":""},"class_list":["post-2792","page","type-page","status-publish","hentry"],"acf":[],"_links":{"self":[{"href":"https:\/\/horepos.com\/pt-pt\/wp-json\/wp\/v2\/pages\/2792","targetHints":{"allow":["GET"]}}],"collection":[{"href":"https:\/\/horepos.com\/pt-pt\/wp-json\/wp\/v2\/pages"}],"about":[{"href":"https:\/\/horepos.com\/pt-pt\/wp-json\/wp\/v2\/types\/page"}],"author":[{"embeddable":true,"href":"https:\/\/horepos.com\/pt-pt\/wp-json\/wp\/v2\/users\/184"}],"replies":[{"embeddable":true,"href":"https:\/\/horepos.com\/pt-pt\/wp-json\/wp\/v2\/comments?post=2792"}],"version-history":[{"count":0,"href":"https:\/\/horepos.com\/pt-pt\/wp-json\/wp\/v2\/pages\/2792\/revisions"}],"wp:attachment":[{"href":"https:\/\/horepos.com\/pt-pt\/wp-json\/wp\/v2\/media?parent=2792"}],"curies":[{"name":"wp","href":"https:\/\/api.w.org\/{rel}","templated":true}]}}