{"id":15250,"date":"2024-11-28T01:09:45","date_gmt":"2024-11-28T00:09:45","guid":{"rendered":"https:\/\/horepos.com\/producto\/tpv-tysso-modelo-tp-9616\/"},"modified":"2024-11-28T01:09:45","modified_gmt":"2024-11-28T00:09:45","slug":"tpv-tysso-modelo-tp-9616","status":"publish","type":"product","link":"https:\/\/horepos.com\/fr\/produit\/tpv-tysso-modelo-tp-9616\/","title":{"rendered":"TPV Tysso Modelo TP-9616"},"content":{"rendered":"<p>professionnel<\/p>\n<p>El <strong>TPV TYSSO TP-9616<\/strong> es un sistema con pantalla de 15,6\u2033 de dise\u00f1o actual y \u00e1ngulo de inclinaci\u00f3n de 0\u00ba a 90\u00ba. Ses processeurs modernes lui conf\u00e8rent d&rsquo;excellentes performances.<\/p>\n","protected":false},"excerpt":{"rendered":"<ul>\n<li>Syst\u00e8me op\u00e9rateur: Windows<\/li>\n<li>Processeur: J6412<\/li>\n<li>M\u00e9moire: 4Gb Ram Amp.16 \/ 128Gb SSD<\/li>\n<li>\u00c9cran 15\u201c<\/li>\n<\/ul>\n","protected":false},"featured_media":16557,"template":"","meta":{"_acf_changed":false},"product_brand":[],"product_cat":[511,2474,375,2546],"product_tag":[],"class_list":{"0":"post-15250","1":"product","2":"type-product","3":"status-publish","4":"has-post-thumbnail","6":"product_cat-pdv-windows","7":"product_cat-marques","8":"product_cat-tpvs-fr","9":"product_cat-tysso-fr","11":"first","12":"instock","13":"taxable","14":"shipping-taxable","15":"product-type-simple"},"acf":[],"_links":{"self":[{"href":"https:\/\/horepos.com\/fr\/wp-json\/wp\/v2\/product\/15250","targetHints":{"allow":["GET"]}}],"collection":[{"href":"https:\/\/horepos.com\/fr\/wp-json\/wp\/v2\/product"}],"about":[{"href":"https:\/\/horepos.com\/fr\/wp-json\/wp\/v2\/types\/product"}],"wp:featuredmedia":[{"embeddable":true,"href":"https:\/\/horepos.com\/fr\/wp-json\/wp\/v2\/media\/16557"}],"wp:attachment":[{"href":"https:\/\/horepos.com\/fr\/wp-json\/wp\/v2\/media?parent=15250"}],"wp:term":[{"taxonomy":"product_brand","embeddable":true,"href":"https:\/\/horepos.com\/fr\/wp-json\/wp\/v2\/product_brand?post=15250"},{"taxonomy":"product_cat","embeddable":true,"href":"https:\/\/horepos.com\/fr\/wp-json\/wp\/v2\/product_cat?post=15250"},{"taxonomy":"product_tag","embeddable":true,"href":"https:\/\/horepos.com\/fr\/wp-json\/wp\/v2\/product_tag?post=15250"}],"curies":[{"name":"wp","href":"https:\/\/api.w.org\/{rel}","templated":true}]}}