{"id":11606,"date":"2022-12-29T08:38:23","date_gmt":"2022-12-29T07:38:23","guid":{"rendered":"https:\/\/horepos.com\/producto\/recepteur-mmcall-2611ca\/"},"modified":"2022-12-29T08:38:23","modified_gmt":"2022-12-29T07:38:23","slug":"receptor-mmcall-2611ca-2","status":"publish","type":"product","link":"https:\/\/horepos.com\/fr\/produit\/receptor-mmcall-2611ca-2\/","title":{"rendered":"R\u00e9cepteur MMCall 2611CA"},"content":{"rendered":"<h4>R\u00e9cepteur pour le syst\u00e8me d&rsquo;appel des employ\u00e9s MMCall 2611CA<\/h4>\n","protected":false},"excerpt":{"rendered":"<p>R\u00e9cepteur pour le syst\u00e8me d&rsquo;appel des employ\u00e9s MMCall 2611CA<\/p>\n","protected":false},"featured_media":18438,"template":"","meta":{"_acf_changed":false},"product_brand":[],"product_cat":[355,2474,2514],"product_tag":[],"class_list":{"0":"post-11606","1":"product","2":"type-product","3":"status-publish","4":"has-post-thumbnail","6":"product_cat-clients-appelants","7":"product_cat-marques","8":"product_cat-mmcall-fr","10":"first","11":"instock","12":"taxable","13":"shipping-taxable","14":"product-type-simple"},"acf":[],"_links":{"self":[{"href":"https:\/\/horepos.com\/fr\/wp-json\/wp\/v2\/product\/11606","targetHints":{"allow":["GET"]}}],"collection":[{"href":"https:\/\/horepos.com\/fr\/wp-json\/wp\/v2\/product"}],"about":[{"href":"https:\/\/horepos.com\/fr\/wp-json\/wp\/v2\/types\/product"}],"wp:featuredmedia":[{"embeddable":true,"href":"https:\/\/horepos.com\/fr\/wp-json\/wp\/v2\/media\/18438"}],"wp:attachment":[{"href":"https:\/\/horepos.com\/fr\/wp-json\/wp\/v2\/media?parent=11606"}],"wp:term":[{"taxonomy":"product_brand","embeddable":true,"href":"https:\/\/horepos.com\/fr\/wp-json\/wp\/v2\/product_brand?post=11606"},{"taxonomy":"product_cat","embeddable":true,"href":"https:\/\/horepos.com\/fr\/wp-json\/wp\/v2\/product_cat?post=11606"},{"taxonomy":"product_tag","embeddable":true,"href":"https:\/\/horepos.com\/fr\/wp-json\/wp\/v2\/product_tag?post=11606"}],"curies":[{"name":"wp","href":"https:\/\/api.w.org\/{rel}","templated":true}]}}