{"id":11601,"date":"2022-12-29T08:45:43","date_gmt":"2022-12-29T07:45:43","guid":{"rendered":"https:\/\/horepos.com\/producto\/repetiteur-mmcall-2611dp\/"},"modified":"2022-12-29T08:45:43","modified_gmt":"2022-12-29T07:45:43","slug":"repetidor-mmcall-2611dp-2","status":"publish","type":"product","link":"https:\/\/horepos.com\/fr\/produit\/repetidor-mmcall-2611dp-2\/","title":{"rendered":"R\u00e9p\u00e9titeur MMCall 2611DP"},"content":{"rendered":"<h4>R\u00e9p\u00e9titeur pour le syst\u00e8me d&rsquo;appel MMCall 2611DP<\/h4>\n","protected":false},"excerpt":{"rendered":"<p>R\u00e9p\u00e9titeur pour le syst\u00e8me d&rsquo;appel MMCall 2611DP<\/p>\n","protected":false},"featured_media":18443,"template":"","meta":{"_acf_changed":false},"product_brand":[],"product_cat":[355,2474,2514],"product_tag":[],"class_list":{"0":"post-11601","1":"product","2":"type-product","3":"status-publish","4":"has-post-thumbnail","6":"product_cat-clients-appelants","7":"product_cat-marques","8":"product_cat-mmcall-fr","10":"first","11":"instock","12":"taxable","13":"shipping-taxable","14":"product-type-simple"},"acf":[],"_links":{"self":[{"href":"https:\/\/horepos.com\/fr\/wp-json\/wp\/v2\/product\/11601","targetHints":{"allow":["GET"]}}],"collection":[{"href":"https:\/\/horepos.com\/fr\/wp-json\/wp\/v2\/product"}],"about":[{"href":"https:\/\/horepos.com\/fr\/wp-json\/wp\/v2\/types\/product"}],"wp:featuredmedia":[{"embeddable":true,"href":"https:\/\/horepos.com\/fr\/wp-json\/wp\/v2\/media\/18443"}],"wp:attachment":[{"href":"https:\/\/horepos.com\/fr\/wp-json\/wp\/v2\/media?parent=11601"}],"wp:term":[{"taxonomy":"product_brand","embeddable":true,"href":"https:\/\/horepos.com\/fr\/wp-json\/wp\/v2\/product_brand?post=11601"},{"taxonomy":"product_cat","embeddable":true,"href":"https:\/\/horepos.com\/fr\/wp-json\/wp\/v2\/product_cat?post=11601"},{"taxonomy":"product_tag","embeddable":true,"href":"https:\/\/horepos.com\/fr\/wp-json\/wp\/v2\/product_tag?post=11601"}],"curies":[{"name":"wp","href":"https:\/\/api.w.org\/{rel}","templated":true}]}}