{"id":11589,"date":"2022-12-29T09:19:19","date_gmt":"2022-12-29T08:19:19","guid":{"rendered":"https:\/\/horepos.com\/producto\/emetteur-mmcall-t10\/"},"modified":"2022-12-29T09:19:19","modified_gmt":"2022-12-29T08:19:19","slug":"emetteur-mmcall-t10","status":"publish","type":"product","link":"https:\/\/horepos.com\/fr\/produit\/emetteur-mmcall-t10\/","title":{"rendered":"\u00c9metteur MMCall T10"},"content":{"rendered":"<h4>\u00c9metteur pour syst\u00e8me d&rsquo;appel MMCall T10<\/h4>\n","protected":false},"excerpt":{"rendered":"<p>\u00c9metteur pour syst\u00e8me d&rsquo;appel MMCall T10<\/p>\n","protected":false},"featured_media":18461,"template":"","meta":{"_acf_changed":false},"product_brand":[],"product_cat":[355,2474,2514],"product_tag":[],"class_list":{"0":"post-11589","1":"product","2":"type-product","3":"status-publish","4":"has-post-thumbnail","6":"product_cat-clients-appelants","7":"product_cat-marques","8":"product_cat-mmcall-fr","10":"first","11":"instock","12":"taxable","13":"shipping-taxable","14":"product-type-simple"},"acf":[],"_links":{"self":[{"href":"https:\/\/horepos.com\/fr\/wp-json\/wp\/v2\/product\/11589","targetHints":{"allow":["GET"]}}],"collection":[{"href":"https:\/\/horepos.com\/fr\/wp-json\/wp\/v2\/product"}],"about":[{"href":"https:\/\/horepos.com\/fr\/wp-json\/wp\/v2\/types\/product"}],"wp:featuredmedia":[{"embeddable":true,"href":"https:\/\/horepos.com\/fr\/wp-json\/wp\/v2\/media\/18461"}],"wp:attachment":[{"href":"https:\/\/horepos.com\/fr\/wp-json\/wp\/v2\/media?parent=11589"}],"wp:term":[{"taxonomy":"product_brand","embeddable":true,"href":"https:\/\/horepos.com\/fr\/wp-json\/wp\/v2\/product_brand?post=11589"},{"taxonomy":"product_cat","embeddable":true,"href":"https:\/\/horepos.com\/fr\/wp-json\/wp\/v2\/product_cat?post=11589"},{"taxonomy":"product_tag","embeddable":true,"href":"https:\/\/horepos.com\/fr\/wp-json\/wp\/v2\/product_tag?post=11589"}],"curies":[{"name":"wp","href":"https:\/\/api.w.org\/{rel}","templated":true}]}}