{"id":3782,"date":"2022-11-23T04:22:04","date_gmt":"2022-11-23T03:22:04","guid":{"rendered":"https:\/\/horepos.com\/politique-en-matiere-de-cookies\/"},"modified":"2022-12-07T15:10:52","modified_gmt":"2022-12-07T14:10:52","slug":"politique-en-matiere-de-cookies","status":"publish","type":"page","link":"https:\/\/horepos.com\/fr\/politique-en-matiere-de-cookies\/","title":{"rendered":"Politique en mati\u00e8re de cookies"},"content":{"rendered":"\t\t<div data-elementor-type=\"wp-page\" data-elementor-id=\"3782\" class=\"elementor elementor-3782 elementor-1286\" data-elementor-post-type=\"page\">\n\t\t\t\t\t\t<section class=\"elementor-section elementor-top-section elementor-element elementor-element-a6ded59 elementor-section-full_width elementor-section-height-default elementor-section-height-default\" data-id=\"a6ded59\" data-element_type=\"section\" data-e-type=\"section\">\n\t\t\t\t\t\t<div class=\"elementor-container elementor-column-gap-default\">\n\t\t\t\t\t<div class=\"elementor-column elementor-col-100 elementor-top-column elementor-element elementor-element-a49adaf\" data-id=\"a49adaf\" data-element_type=\"column\" data-e-type=\"column\">\n\t\t\t<div class=\"elementor-widget-wrap elementor-element-populated\">\n\t\t\t\t\t\t<div class=\"elementor-element elementor-element-9e8725b elementor-widget elementor-widget-text-editor\" data-id=\"9e8725b\" data-element_type=\"widget\" data-e-type=\"widget\" data-widget_type=\"text-editor.default\">\n\t\t\t\t<div class=\"elementor-widget-container\">\n\t\t\t\t\t\t\t\t\t<p>Le site Web utilise un analyseur de trafic qui utilise de petits fichiers d&rsquo;informations appel\u00e9s et connus sous le nom de \u00ab\u00a0cookies\u00a0\u00bb que le serveur envoie \u00e0 l&rsquo;ordinateur de la personne qui acc\u00e8de \u00e0 la page Web pour le bon fonctionnement et la visualisation des sites Web par l&rsquo;utilisateur, ainsi que tels que la collecte de donn\u00e9es statistiques sur l&rsquo;utilisation et la navigation de notre site Web.<\/p>\n<p>Nous pouvons collecter des informations sur votre ordinateur, y compris, le cas \u00e9ch\u00e9ant, votre adresse IP, votre syst\u00e8me d&rsquo;exploitation et votre type de navigateur. Les cookies contiennent des informations qui sont transf\u00e9r\u00e9es sur le disque dur de votre ordinateur.<\/p>\n<p>Les cookies nous aident \u00e9galement \u00e0 am\u00e9liorer notre site Web et \u00e0 fournir un service meilleur et plus personnalis\u00e9. Plus pr\u00e9cis\u00e9ment, ils nous permettent de :<\/p>\n<ul>\n<li>Estimer les chiffres et les mod\u00e8les d&rsquo;utilisation.<\/li>\n<li>Stockez des informations sur vos pr\u00e9f\u00e9rences et personnalisez notre site Web en fonction de vos int\u00e9r\u00eats individuels.<\/li>\n<li>Acc\u00e9l\u00e9rez vos recherches.<\/li>\n<li>Vous reconna\u00eetre lorsque vous revenez sur notre site.<\/li>\n<\/ul>\n<h4><strong>ACCEPTATION ET\/OU REJET DE LA POLITIQUE EN MATI\u00c8RE DE COOKIES<\/strong><\/h4>\n<p>Ce site Web affiche des informations sur sa politique de cookies en bas ou en haut du portail \u00e0 chaque connexion afin que vous en soyez conscient et inform\u00e9. Vous pouvez accepter l&rsquo;installation de cookies dans votre navigateur Web au moyen d&rsquo;une action affirmative et positive.<\/p>\n<p>Vous pouvez \u00e9galement refuser l&rsquo;utilisation des cookies en s\u00e9lectionnant \u00ab\u00a0refuser l&rsquo;installation et l&rsquo;utilisation des cookies\u00a0\u00bb dans votre navigateur. Toutefois, vous devez savoir que si vous le faites, vous risquez de ne pas pouvoir utiliser toutes les fonctionnalit\u00e9s de ce site web.<\/p>\n<p>Ce site web traite les informations vous concernant par Google. \u00c0 cette fin, il est inform\u00e9 que Google Inc. a le statut de \u00ab\u00a0port s\u00fbr\u00a0\u00bb en termes de r\u00e9glementation sur la protection des donn\u00e9es personnelles.<\/p>\n<p>L&rsquo;Utilisateur doit donner son consentement pr\u00e9alable, sauf indication contraire, \u00e0 l&rsquo;utilisation de \u00ab\u00a0cookies\u00a0\u00bb et autorise \u00e9galement le suivi de son IP lors de la navigation sur le site. \u00c0 moins que vous n&rsquo;ayez r\u00e9gl\u00e9 les param\u00e8tres de votre navigateur Web pour refuser les cookies, notre syst\u00e8me produira des cookies lorsque vous vous connecterez \u00e0 notre site. Conform\u00e9ment aux directives europ\u00e9ennes de la r\u00e9glementation sur la protection des donn\u00e9es pouvant \u00eatre concern\u00e9es par l&rsquo;utilisation de cookies, les diff\u00e9rents navigateurs Internet disposent d&rsquo;outils de configuration afin que l&rsquo;Utilisateur, s&rsquo;il le souhaite, puisse d\u00e9sactiver et\/ou \u00e9liminer ces cookies ou Activer le mode de navigation priv\u00e9e dans son navigateur.<\/p>\n<p>Vous pouvez autoriser, bloquer ou supprimer les cookies install\u00e9s sur votre ordinateur en configurant les options du navigateur install\u00e9 sur votre ordinateur :<\/p>\n<p><strong>Chrome<\/strong>: <a href=\"https:\/\/support.google.com\/chrome\/answer\/95647?hl=es\" rel=\"nofollow noopener\" target=\"_blank\">https:\/\/support.google.com\/chrome\/answer\/95647?hl=es<\/a><\/p>\n<p><strong>Explorer<\/strong>: <a href=\"http:\/\/windows.microsoft.com\/es-es\/windows7\/how-to-manage-cookies-ininternetexplorer-9\" rel=\"nofollow noopener\" target=\"_blank\">http:\/\/windows.microsoft.com\/es-es\/windows7\/how-to-manage-cookies-ininternetexplorer-9<\/a><\/p>\n<p><strong>Firefox<\/strong>: <a href=\"https:\/\/support.mozilla.org\/es\/kb\/habilitar-y-deshabilitar-cookies-que-los-sitios-web\" rel=\"nofollow noopener\" target=\"_blank\">https:\/\/support.mozilla.org\/es\/kb\/habilitar-y-deshabilitar-cookies-que-los-sitios-web<\/a><\/p>\n<p><strong>Safari<\/strong>: <a href=\"https:\/\/support.apple.com\/kb\/ph5042?locale=es_ES\" rel=\"nofollow noopener\" target=\"_blank\">https:\/\/support.apple.com\/kb\/ph5042?locale=es_ES<\/a><\/p>\n<\/p>\n<h4><strong>QUELS SONT LES COOKIES QUE NOUS UTILISONS ET DANS QUEL BUT ?<\/strong><\/h4>\n<p>Vous trouverez ci-dessous une explication plus d\u00e9taill\u00e9e de chaque type de cookie, de sa temporalit\u00e9, de sa propri\u00e9t\u00e9, de sa finalit\u00e9 et de ses domaines :<\/p>\n<p>Google Analytics es un servicio anal\u00edtico de web prestado por Google, Inc., una compa\u00f1\u00eda de Delaware cuya oficina principal est\u00e1 en 1600 Amphitheatre Parkway, Mountain View (California), CA94043, Estados Unidos (\u201cGoogle\u201d). Google Analytics usa las siguientes cookies: _ga, _gat, _gid, y otras posibles cookies a cargar por el servicio de monitorizaci\u00f3n de visitas de Google.<\/p>\n<p>Ces cookies sont utilis\u00e9s pour :<\/p>\n<ul>\n<li>Estimer les chiffres et les mod\u00e8les d&rsquo;utilisation.<\/li>\n<li>Stocker des informations sur vos pr\u00e9f\u00e9rences et personnaliser notre site web en fonction de vos int\u00e9r\u00eats individuels.<\/li>\n<li>Acc\u00e9l\u00e9rez vos recherches.<\/li>\n<li>Vous reconna\u00eetre lorsque vous revenez sur notre site.<\/li>\n<li>G\u00e9n\u00e9rer un identifiant d&rsquo;utilisateur unique, qui est utilis\u00e9 pour compter le nombre de fois qu&rsquo;un utilisateur visite le site, ainsi que la date de la premi\u00e8re et de la derni\u00e8re fois qu&rsquo;il a visit\u00e9 le Web.<\/li>\n<li>Enregistrer la date et l&rsquo;heure d&rsquo;acc\u00e8s \u00e0 l&rsquo;une des pages du site web.<\/li>\n<li>V\u00e9rifier la n\u00e9cessit\u00e9 de garder la session d&rsquo;un utilisateur ouverte ou d&rsquo;en cr\u00e9er une nouvelle.<\/li>\n<li>Pour identifier la session de l&rsquo;utilisateur, pour recueillir l&#8217;emplacement g\u00e9ographique approximatif de l&rsquo;ordinateur acc\u00e9dant au site \u00e0 des fins statistiques.<\/li>\n<\/ul>\n<p>Ils peuvent \u00eatre \u00e0 la fois temporaires et persistants.<\/p>\n<p>En cas de divergence entre la signification de toute version traduite de ce document et la version originale en langue espagnole, la version espagnole pr\u00e9vaudra.<\/p><\/p>\n\t\t\t\t\t\t\t\t<\/div>\n\t\t\t\t<\/div>\n\t\t\t\t\t<\/div>\n\t\t<\/div>\n\t\t\t\t\t<\/div>\n\t\t<\/section>\n\t\t\t\t<\/div>\n\t\t","protected":false},"excerpt":{"rendered":"<p>Le site Web utilise un analyseur de trafic qui utilise de petits fichiers d&rsquo;informations appel\u00e9s et connus sous le nom de \u00ab\u00a0cookies\u00a0\u00bb que le serveur envoie<span class=\"excerpt-hellip\"> [\u2026]<\/span><\/p>\n","protected":false},"author":184,"featured_media":0,"parent":0,"menu_order":105,"comment_status":"closed","ping_status":"closed","template":"elementor_header_footer","meta":{"_acf_changed":false,"footnotes":""},"class_list":["post-3782","page","type-page","status-publish","hentry"],"acf":[],"_links":{"self":[{"href":"https:\/\/horepos.com\/fr\/wp-json\/wp\/v2\/pages\/3782","targetHints":{"allow":["GET"]}}],"collection":[{"href":"https:\/\/horepos.com\/fr\/wp-json\/wp\/v2\/pages"}],"about":[{"href":"https:\/\/horepos.com\/fr\/wp-json\/wp\/v2\/types\/page"}],"author":[{"embeddable":true,"href":"https:\/\/horepos.com\/fr\/wp-json\/wp\/v2\/users\/184"}],"replies":[{"embeddable":true,"href":"https:\/\/horepos.com\/fr\/wp-json\/wp\/v2\/comments?post=3782"}],"version-history":[{"count":0,"href":"https:\/\/horepos.com\/fr\/wp-json\/wp\/v2\/pages\/3782\/revisions"}],"wp:attachment":[{"href":"https:\/\/horepos.com\/fr\/wp-json\/wp\/v2\/media?parent=3782"}],"curies":[{"name":"wp","href":"https:\/\/api.w.org\/{rel}","templated":true}]}}