{"id":2784,"date":"2022-08-17T05:45:09","date_gmt":"2022-08-17T03:45:09","guid":{"rendered":"https:\/\/horepos.com\/legal-notice\/"},"modified":"2022-12-02T15:49:55","modified_gmt":"2022-12-02T14:49:55","slug":"legal-notice","status":"publish","type":"page","link":"https:\/\/horepos.com\/en\/legal-notice\/","title":{"rendered":"Legal Notice"},"content":{"rendered":"\t\t<div data-elementor-type=\"wp-page\" data-elementor-id=\"2784\" class=\"elementor elementor-2784 elementor-224\" data-elementor-post-type=\"page\">\n\t\t\t\t\t\t<section class=\"elementor-section elementor-top-section elementor-element elementor-element-237e6df elementor-section-full_width elementor-section-height-default elementor-section-height-default\" data-id=\"237e6df\" data-element_type=\"section\" data-e-type=\"section\">\n\t\t\t\t\t\t<div class=\"elementor-container elementor-column-gap-default\">\n\t\t\t\t\t<div class=\"elementor-column elementor-col-100 elementor-top-column elementor-element elementor-element-6f7b481\" data-id=\"6f7b481\" data-element_type=\"column\" data-e-type=\"column\">\n\t\t\t<div class=\"elementor-widget-wrap elementor-element-populated\">\n\t\t\t\t\t\t<div class=\"elementor-element elementor-element-bd7c289 elementor-widget elementor-widget-text-editor\" data-id=\"bd7c289\" data-element_type=\"widget\" data-e-type=\"widget\" data-widget_type=\"text-editor.default\">\n\t\t\t\t<div class=\"elementor-widget-container\">\n\t\t\t\t\t\t\t\t\t<h4>Legal Notice<\/h4>\n<p>To comply with article 10 of Law 34\/2002 on Services of the Information Society and Electronic Commerce (Ley 34\/2002 de Servicios de la Sociedad de la Informaci\u00f3n y Comercio Electr\u00f3nico &#8211; LSSI-CE), we inform the user of our details:<\/p>\n<ul>\n<li>\u2022 Company Name: CONTROLES, REGISTROS Y M\u00c1QUINAS, S. L. hereinafter, &#8220;HOREPOS&#8221;<\/li>\n<li>Commercial Name: HOREPOS<\/li>\n<li>Registered Office: C\/ Iv\u00e1n Pavlov, 5. Parque Tecnol\u00f3gico, 29590 Campanillas &#8211; M\u00e1laga<\/li>\n<li>CIF\/DNI: B-29087574<\/li>\n<li>Telephone: 952 234 938<\/li>\n<li>Email: <a href=\"mailto:info@horepos.com\">info@horepos.com<\/a><\/li>\n<\/ul>\n<h4>Object<\/h4>\n<p>HOREPOS, responsible for the website, makes this document available to users with which it intends to comply with the obligations set forth in Law 34\/2002, on Services of the Information Society and Electronic Commerce (LSSI-CE), as well as informing all users of the website about the conditions of use of the website.<\/p>\n<p>Any person who accesses this website assumes the role of user, committing to the observance and strict compliance with the provisions set forth herein, as well as any other legal provision that may be applicable.<\/p>\n<p>HOREPOS reserves the right to modify any type of information that may appear on the website, without there being any obligation to pre-notify or inform users of such obligations, being understood as sufficient with the publication on the website <a href=\"http:\/\/www.horepos.com\">www.horepos.com.<\/a><\/p>\n<h4>Responsibility<\/h4>\n<p>HOREPOS disclaims any type of liability derived from the information published on its website, provided that this information has been manipulated or introduced by a third party not belonging to its organisation.<\/p>\n<p>The HOREPOS website may use cookies (small information files that the server sends to the computer of the person accessing the page) to carry out certain functions that are considered essential for the proper functioning and visualization of the site. The cookies used on the website are, in any case, temporary in nature with the sole purpose of making their subsequent transmission more efficient and disappear at the end of the user&#8217;s session. In no case will cookies be used to collect personal information. <u>Learn more about our cookies policy.<\/u><\/p>\n<p>From the HOREPOS website it is possible to be redirected to content from third party websites. Since HOREPOS cannot always control the contents introduced by third parties on its websites, it does not assume any type of responsibility regarding said contents. In any case, HOREPOS declares that it will proceed to the immediate withdrawal of any content that could contravene national or international legislation, morality or public order, proceeding to the immediate withdrawal of the redirection to said website, informing the competent authorities of the content in question.<\/p>\n<p>The provider is not responsible for the information and content stored, by way of example, but not limited to, in forums, chats, blog generators, comments, social networks or any other means that allows third parties to publish content independently on the HOREPOS website. However, and in compliance with the provisions of art. 11 and 16 of the LSSI-CE, HOREPOS makes itself available to all users, authorities and security forces, actively collaborating in the withdrawal or blocking of all those contents that could affect or contravene national or international legislation, rights of third parties or morality and public order. In the event that the user considers that there is any content on the website that could be susceptible to this classification, please notify the website administrator immediately.<\/p>\n<p>This website has been reviewed and tested to work properly. In principle, proper operation can be guaranteed 365 days a year, 24 hours a day. However, HOREPOS does not rule out the possibility that there are certain programming errors, or that there are causes of force majeure, natural disasters, strikes, or similar circumstances that make it impossible to access the website.<\/p>\n<h4>Intellectual and Industrial Property<\/h4>\n<p>The website, including but not limited to its programming, editing, compilation and other elements necessary for its operation, the designs, logos, text and \/ or graphics are the property of the provider or where appropriate has a license or express authorization from the authors. All the contents of the website are duly protected by the regulations of intellectual and industrial property, as well as registered in the corresponding public registers.<\/p>\n<p>Regardless of the purpose for which they were intended, the total or partial reproduction, use, exploitation, distribution and commercialization, require in any case the prior written authorization by HOREPOS Any use not previously authorized by HOREPOS will be considered a serious breach of the intellectual or industrial property rights of the author.<\/p>\n<p>The designs, logos, text and \/ or graphics outside the provider and that may appear on the website, belong to their respective owners, being themselves responsible for any possible controversy that may arise regarding them. In any case, HOREPOS has the express and prior authorization by them<\/p>\n<p>HOREPOS DOES NOT expressly AUTHORIZE third parties to redirect directly to the specific contents of the website and must in any case redirect to the main website of HOREPOS.<\/p>\n<p>The provider recognizes in favour of its owners the corresponding industrial and intellectual property rights, not implying their mere mention or appearance on the website the existence of rights or any responsibility of the provider over them, nor endorsement, sponsorship or recommendation by the same.<\/p>\n<p>To make any kind of observation regarding possible breaches of intellectual or industrial property rights, as well as any of the contents of the website, you can do so through the email that appears in the identification data at the beginning of this document.<\/p>\n<h4>Veracity of the Information<\/h4>\n<p>All the information provided by the User must be truthful. For these purposes, the User guarantees the authenticity of the data communicated through the forms for the contracting of the Services. It will be the responsibility of the User to keep all the information provided to the Company permanently updated so that it responds, at all times, to their real situation. In any case, the User will be solely responsible for the false or inaccurate statements made and the damages caused to the provider or third parties.<\/p>\n<h4>Obligation to make correct use of the Website<\/h4>\n<p>The User undertakes to use the website in accordance with the law and this legal notice, as well as morality and good customs. To this end, the User will refrain from using the page for illicit or prohibited purposes, harmful to the rights and interests of third parties, or that in any way may damage, disable, overload, deteriorate or prevent the normal use of computer equipment or documents, files and all kinds of content stored on any computer equipment of HOREPOS.<\/p>\n<p>In particular, and by way of indication, but not exhaustive, the User undertakes not to transmit, disseminate or make available to third parties information, data, content, messages, graphics, drawings, sound or image files, photographs, recordings, software and, in general, any kind of material that:<\/p>\n<ol>\n<li>is contrary to, despises or violates the fundamental rights and public freedoms recognized constitutionally, in international treaties and other norms in force;<\/li>\n<li>induces, incites or promotes criminal, degrading, defamatory, violent or, in general, is contrary to the law, morality and public order;<\/li>\n<li>induces, incites or promotes discriminatory actions, attitudes or thoughts based on sex, race, religion, beliefs, age or condition;<\/li>\n<li>is contrary to the right to honour, to personal or family privacy or to the self-image of persons;<\/li>\n<li>in any way harms the credibility of the provider or third parties; and<\/li>\n<li>constitutes unlawful, misleading or unfair advertising.<\/li>\n<\/ol>\n<h4>Applicable Law and Jurisdiction<\/h4>\n<p>For the resolution of all disputes or issues related to this website or the activities developed therein, Spanish legislation will apply, to which the parties expressly submit, being competent for the resolution of all conflicts arising or related to its use the Courts and Tribunals of M\u00e1laga.<\/p>\n<p>In the event of any discrepancy between the meaning of any translated version of this document and the original Spanish language version, the Spanish language version shall prevail.<\/p>\n\t\t\t\t\t\t\t\t<\/div>\n\t\t\t\t<\/div>\n\t\t\t\t\t<\/div>\n\t\t<\/div>\n\t\t\t\t\t<\/div>\n\t\t<\/section>\n\t\t\t\t<\/div>\n\t\t","protected":false},"excerpt":{"rendered":"<p>Legal Notice To comply with article 10 of Law 34\/2002 on Services of the Information Society and Electronic Commerce (Ley 34\/2002 de Servicios de la Sociedad<span class=\"excerpt-hellip\"> [\u2026]<\/span><\/p>\n","protected":false},"author":184,"featured_media":0,"parent":0,"menu_order":100,"comment_status":"closed","ping_status":"closed","template":"elementor_header_footer","meta":{"_acf_changed":false,"footnotes":""},"class_list":["post-2784","page","type-page","status-publish","hentry"],"acf":[],"_links":{"self":[{"href":"https:\/\/horepos.com\/en\/wp-json\/wp\/v2\/pages\/2784","targetHints":{"allow":["GET"]}}],"collection":[{"href":"https:\/\/horepos.com\/en\/wp-json\/wp\/v2\/pages"}],"about":[{"href":"https:\/\/horepos.com\/en\/wp-json\/wp\/v2\/types\/page"}],"author":[{"embeddable":true,"href":"https:\/\/horepos.com\/en\/wp-json\/wp\/v2\/users\/184"}],"replies":[{"embeddable":true,"href":"https:\/\/horepos.com\/en\/wp-json\/wp\/v2\/comments?post=2784"}],"version-history":[{"count":0,"href":"https:\/\/horepos.com\/en\/wp-json\/wp\/v2\/pages\/2784\/revisions"}],"wp:attachment":[{"href":"https:\/\/horepos.com\/en\/wp-json\/wp\/v2\/media?parent=2784"}],"curies":[{"name":"wp","href":"https:\/\/api.w.org\/{rel}","templated":true}]}}