{"id":11305,"date":"2022-12-20T12:53:59","date_gmt":"2022-12-20T11:53:59","guid":{"rendered":"https:\/\/horepos.com\/producto\/muenzzaehler-ratiotec-cs-250\/"},"modified":"2022-12-20T12:53:59","modified_gmt":"2022-12-20T11:53:59","slug":"munzzahler-verhaltnistec-cs-250","status":"publish","type":"product","link":"https:\/\/horepos.com\/de\/produkt\/munzzahler-verhaltnistec-cs-250\/","title":{"rendered":"M\u00fcnzz\u00e4hler Ratiotec CS-250"},"content":{"rendered":"<h4>Ratiotec M\u00fcnzz\u00e4hler Modell CS-250<\/h4>\n","protected":false},"excerpt":{"rendered":"<p>Ratiotec M\u00fcnzz\u00e4hler Modell CS-250<\/p>\n","protected":false},"featured_media":18560,"template":"","meta":{"_acf_changed":false},"product_brand":[],"product_cat":[364,2475,584,2523],"product_tag":[],"class_list":{"0":"post-11305","1":"product","2":"type-product","3":"status-publish","4":"has-post-thumbnail","6":"product_cat-geldzahl-und-prufgerate","7":"product_cat-marken","8":"product_cat-muenzzaehlgeraete","9":"product_cat-ratiotec-de","11":"first","12":"instock","13":"taxable","14":"shipping-taxable","15":"product-type-simple"},"acf":[],"_links":{"self":[{"href":"https:\/\/horepos.com\/de\/wp-json\/wp\/v2\/product\/11305","targetHints":{"allow":["GET"]}}],"collection":[{"href":"https:\/\/horepos.com\/de\/wp-json\/wp\/v2\/product"}],"about":[{"href":"https:\/\/horepos.com\/de\/wp-json\/wp\/v2\/types\/product"}],"wp:featuredmedia":[{"embeddable":true,"href":"https:\/\/horepos.com\/de\/wp-json\/wp\/v2\/media\/18560"}],"wp:attachment":[{"href":"https:\/\/horepos.com\/de\/wp-json\/wp\/v2\/media?parent=11305"}],"wp:term":[{"taxonomy":"product_brand","embeddable":true,"href":"https:\/\/horepos.com\/de\/wp-json\/wp\/v2\/product_brand?post=11305"},{"taxonomy":"product_cat","embeddable":true,"href":"https:\/\/horepos.com\/de\/wp-json\/wp\/v2\/product_cat?post=11305"},{"taxonomy":"product_tag","embeddable":true,"href":"https:\/\/horepos.com\/de\/wp-json\/wp\/v2\/product_tag?post=11305"}],"curies":[{"name":"wp","href":"https:\/\/api.w.org\/{rel}","templated":true}]}}