{"id":11303,"date":"2022-12-20T11:35:18","date_gmt":"2022-12-20T10:35:18","guid":{"rendered":"https:\/\/horepos.com\/producto\/falschgeldpruefer-ratiotec-soldi-smart-plus\/"},"modified":"2022-12-20T11:35:18","modified_gmt":"2022-12-20T10:35:18","slug":"falschgeld-detektor-ratiotec-soldi-smart-plus","status":"publish","type":"product","link":"https:\/\/horepos.com\/de\/produkt\/falschgeld-detektor-ratiotec-soldi-smart-plus\/","title":{"rendered":"Falschgeldpr\u00fcfer Ratiotec Soldi Smart Plus"},"content":{"rendered":"<h4>Falschgeldpr\u00fcfger\u00e4t Ratiotec Modell Soldi Smart Plus<\/h4>\n<p>Der Ratiotec Soldi Smart Plus Falschgeldpr\u00fcfer vereint Design, Funktionalit\u00e4t und Effizienz in einer kompakten Kassenl\u00f6sung.<\/p>\n<p>LED-Symbole und akustisches Warnsignal liefern Ihnen in weniger als einer Sekunde ein eindeutiges Ergebnis. Auch verd\u00e4chtige Banknoten werden nach hinten ausgeworfen.<\/p>\n<p>Es sind keine manuellen Untersuchungen, zus\u00e4tzliche Tools oder Schulungen erforderlich.<\/p>\n<h5>Ratiotec Soldi Smart Plus, die ideale L\u00f6sung<\/h5>\n<p><strong> wenn du:<\/strong><\/p>\n<ul>\n<li>Sie suchen eine kompakte L\u00f6sung f\u00fcr den Point of Sale<\/li>\n<li>Sie wollen eine sehr zuverl\u00e4ssige und schnelle Falschgelderkennung.<\/li>\n<li>Sie m\u00f6chten neben dem Test weitere Funktionen nutzen, z. ZB Z\u00e4hlfunktion, Spracheinstellung, Eco-Modus, etc.<\/li>\n<\/ul>\n<p>&nbsp;<\/p>\n<h5>\u00dcberblick:<\/h5>\n<ul>\n<li>W\u00e4hrung: EUR | Euro | CHF | andere optional<\/li>\n<li>Falschgelderkennung: IR | MG | MT | SD<\/li>\n<li>100 % zuverl\u00e4ssige Tests in weniger als einer Sekunde *<\/li>\n<li>Eindeutiges Ergebnis durch LED-Anzeige und Warnsignal<\/li>\n<li>Konfigurierbar: ob eine verd\u00e4chtige Banknote ausgeworfen oder hinten oder vorne zur\u00fcckgehalten werden soll<\/li>\n<li>5-sprachiges Benutzermen\u00fc<\/li>\n<li>Besonders langlebig durch die hohe Qualit\u00e4t und hervorragende Verarbeitung.<\/li>\n<li>Auch mobil nutzbar (optional Akku)<\/li>\n<li>Leicht zu \u00f6ffnen und leicht zu reinigen.<\/li>\n<\/ul>\n","protected":false},"excerpt":{"rendered":"<p>Der Ratiotec Soldi Smart Plus Falschgeldpr\u00fcfer vereint Design, Funktionalit\u00e4t und Effizienz in einer kompakten Kassenl\u00f6sung.<\/p>\n<p>LED-Symbole und akustisches Warnsignal liefern Ihnen in weniger als einer Sekunde ein eindeutiges Ergebnis. Auch verd\u00e4chtige Banknoten werden nach hinten ausgeworfen.<\/p>\n<p>Es sind keine manuellen Untersuchungen, zus\u00e4tzliche Tools oder Schulungen erforderlich.<\/p>\n","protected":false},"featured_media":18523,"template":"","meta":{"_acf_changed":false},"product_brand":[],"product_cat":[364,588,2475,2523],"product_tag":[],"class_list":{"0":"post-11303","1":"product","2":"type-product","3":"status-publish","4":"has-post-thumbnail","6":"product_cat-geldzahl-und-prufgerate","7":"product_cat-geldscheinpruefgeraete","8":"product_cat-marken","9":"product_cat-ratiotec-de","11":"first","12":"instock","13":"taxable","14":"shipping-taxable","15":"product-type-simple"},"acf":[],"_links":{"self":[{"href":"https:\/\/horepos.com\/de\/wp-json\/wp\/v2\/product\/11303","targetHints":{"allow":["GET"]}}],"collection":[{"href":"https:\/\/horepos.com\/de\/wp-json\/wp\/v2\/product"}],"about":[{"href":"https:\/\/horepos.com\/de\/wp-json\/wp\/v2\/types\/product"}],"wp:featuredmedia":[{"embeddable":true,"href":"https:\/\/horepos.com\/de\/wp-json\/wp\/v2\/media\/18523"}],"wp:attachment":[{"href":"https:\/\/horepos.com\/de\/wp-json\/wp\/v2\/media?parent=11303"}],"wp:term":[{"taxonomy":"product_brand","embeddable":true,"href":"https:\/\/horepos.com\/de\/wp-json\/wp\/v2\/product_brand?post=11303"},{"taxonomy":"product_cat","embeddable":true,"href":"https:\/\/horepos.com\/de\/wp-json\/wp\/v2\/product_cat?post=11303"},{"taxonomy":"product_tag","embeddable":true,"href":"https:\/\/horepos.com\/de\/wp-json\/wp\/v2\/product_tag?post=11303"}],"curies":[{"name":"wp","href":"https:\/\/api.w.org\/{rel}","templated":true}]}}