{"id":11302,"date":"2022-12-20T11:33:09","date_gmt":"2022-12-20T10:33:09","guid":{"rendered":"https:\/\/horepos.com\/producto\/falschgeldpruefgeraet-ratiotec-soldi-smart\/"},"modified":"2022-12-20T11:33:09","modified_gmt":"2022-12-20T10:33:09","slug":"ratiotec-soldi-smart-2","status":"publish","type":"product","link":"https:\/\/horepos.com\/de\/produkt\/ratiotec-soldi-smart-2\/","title":{"rendered":"Falschgeldpr\u00fcfger\u00e4t Ratiotec Soldi Smart"},"content":{"rendered":"<h4>Falschgeldpr\u00fcfger\u00e4t Ratiotec Modell Soldi Smart<\/h4>\n<p>Der automatische Geldscheinpr\u00fcfer Ratiotec Soldi Smart. Die ideale Kompaktl\u00f6sung f\u00fcr den Point of Sale.<\/p>\n<p>LED-Symbole und akustisches Warnsignal liefern Ihnen in weniger als einer Sekunde ein eindeutiges Ergebnis.<\/p>\n<p>Auch verd\u00e4chtige Banknoten werden nach hinten ausgeworfen.<\/p>\n<p>Es sind keine manuellen Untersuchungen, zus\u00e4tzliche Tools oder Schulungen erforderlich.<\/p>\n<p>keine zus\u00e4tzlichen Funktionen erforderlich, keine Schulung erforderlich.<\/p>\n<h5>Ratiotec Soldi Smart, die ideale L\u00f6sung<\/h5>\n<p><strong> wenn du:<\/strong><\/p>\n<ul>\n<li>Suchen Sie nach einer kompakten L\u00f6sung f\u00fcr den Point of Sale.<\/li>\n<li>Sie m\u00f6chten eine schnelle, hochzuverl\u00e4ssige Falschgelderkennung zu einem g\u00fcnstigen Preis.<\/li>\n<li>Keine zus\u00e4tzlichen Soldi Smart-Funktionen erforderlich<\/li>\n<\/ul>\n<p>&nbsp;<\/p>\n<h5>\u00dcberblick:<\/h5>\n<ul>\n<li>W\u00e4hrung: EUR | andere optional.<\/li>\n<li>Falschgelderkennung: IR | MG | MT | SD<\/li>\n<li>100 % zuverl\u00e4ssige Tests in weniger als einer Sekunde *<\/li>\n<li>Eindeutiges Ergebnis durch LED-Symbole und akustisches Warnsignal<\/li>\n<li>Verd\u00e4chtige Banknoten werden nach hinten ausgeworfen.<\/li>\n<li>Da es nur einen Ein-\/Ausschalter und kein Benutzermen\u00fc mit zus\u00e4tzlichen Funktionen gibt, kann das Ger\u00e4t nicht versehentlich umkonfiguriert werden.<\/li>\n<li>Besonders langlebig durch die hohe Qualit\u00e4t und hervorragende Verarbeitung.<\/li>\n<li>Auch mobil nutzbar (optional Akku)<\/li>\n<li>Leicht zu \u00f6ffnen und leicht zu reinigen.<\/li>\n<\/ul>\n","protected":false},"excerpt":{"rendered":"<p>Der automatische Geldscheinpr\u00fcfer Ratiotec Soldi Smart. Die ideale Kompaktl\u00f6sung f\u00fcr den Point of Sale.<\/p>\n<p>LED-Symbole und akustisches Warnsignal liefern Ihnen in weniger als einer Sekunde ein eindeutiges Ergebnis.<\/p>\n<p>Auch verd\u00e4chtige Banknoten werden nach hinten ausgeworfen.<\/p>\n<p>Es sind keine manuellen Untersuchungen, zus\u00e4tzliche Tools oder Schulungen erforderlich.<\/p>\n<p>keine zus\u00e4tzlichen Funktionen erforderlich, keine Schulung erforderlich.<\/p>\n","protected":false},"featured_media":18516,"template":"","meta":{"_acf_changed":false},"product_brand":[],"product_cat":[364,588,2475,2523],"product_tag":[],"class_list":{"0":"post-11302","1":"product","2":"type-product","3":"status-publish","4":"has-post-thumbnail","6":"product_cat-geldzahl-und-prufgerate","7":"product_cat-geldscheinpruefgeraete","8":"product_cat-marken","9":"product_cat-ratiotec-de","11":"first","12":"instock","13":"taxable","14":"shipping-taxable","15":"product-type-simple"},"acf":[],"_links":{"self":[{"href":"https:\/\/horepos.com\/de\/wp-json\/wp\/v2\/product\/11302","targetHints":{"allow":["GET"]}}],"collection":[{"href":"https:\/\/horepos.com\/de\/wp-json\/wp\/v2\/product"}],"about":[{"href":"https:\/\/horepos.com\/de\/wp-json\/wp\/v2\/types\/product"}],"wp:featuredmedia":[{"embeddable":true,"href":"https:\/\/horepos.com\/de\/wp-json\/wp\/v2\/media\/18516"}],"wp:attachment":[{"href":"https:\/\/horepos.com\/de\/wp-json\/wp\/v2\/media?parent=11302"}],"wp:term":[{"taxonomy":"product_brand","embeddable":true,"href":"https:\/\/horepos.com\/de\/wp-json\/wp\/v2\/product_brand?post=11302"},{"taxonomy":"product_cat","embeddable":true,"href":"https:\/\/horepos.com\/de\/wp-json\/wp\/v2\/product_cat?post=11302"},{"taxonomy":"product_tag","embeddable":true,"href":"https:\/\/horepos.com\/de\/wp-json\/wp\/v2\/product_tag?post=11302"}],"curies":[{"name":"wp","href":"https:\/\/api.w.org\/{rel}","templated":true}]}}