{"id":3786,"date":"2022-11-23T04:25:56","date_gmt":"2022-11-23T03:25:56","guid":{"rendered":"https:\/\/horepos.com\/datenschutzbestimmungen\/"},"modified":"2022-12-07T15:21:35","modified_gmt":"2022-12-07T14:21:35","slug":"datenschutzbestimmungen","status":"publish","type":"page","link":"https:\/\/horepos.com\/de\/datenschutzbestimmungen\/","title":{"rendered":"Datenschutzbestimmungen"},"content":{"rendered":"\t\t<div data-elementor-type=\"wp-page\" data-elementor-id=\"3786\" class=\"elementor elementor-3786 elementor-3\" data-elementor-post-type=\"page\">\n\t\t\t\t\t\t<section class=\"elementor-section elementor-top-section elementor-element elementor-element-55a0184 elementor-section-full_width elementor-section-height-default elementor-section-height-default\" data-id=\"55a0184\" data-element_type=\"section\" data-e-type=\"section\">\n\t\t\t\t\t\t<div class=\"elementor-container elementor-column-gap-default\">\n\t\t\t\t\t<div class=\"elementor-column elementor-col-100 elementor-top-column elementor-element elementor-element-6485016\" data-id=\"6485016\" data-element_type=\"column\" data-e-type=\"column\">\n\t\t\t<div class=\"elementor-widget-wrap elementor-element-populated\">\n\t\t\t\t\t\t<div class=\"elementor-element elementor-element-d6b6bfd elementor-widget elementor-widget-text-editor\" data-id=\"d6b6bfd\" data-element_type=\"widget\" data-e-type=\"widget\" data-widget_type=\"text-editor.default\">\n\t\t\t\t<div class=\"elementor-widget-container\">\n\t\t\t\t\t\t\t\t\t<p>Diese Richtlinie dr\u00fcckt aus, wie die pers\u00f6nlichen Daten aller Personen, die \u00fcber diese Website mit HOREPOS in Verbindung stehen, behandelt und gesch\u00fctzt werden. Bitte lesen Sie alle Abschnitte der rechtlichen Hinweise, der Cookie-Richtlinie, falls zutreffend, und dieser Datenschutzrichtlinie, bevor Sie diese Website nutzen.<\/p>\n<p>In \u00dcbereinstimmung mit den Bestimmungen der EU-Verordnung 2016\/679 des Europ\u00e4ischen Parlaments und des Rates vom 27. April 2016 (RGPD) und des Organgesetzes 3\/2018 vom 5. Dezember zum Schutz personenbezogener Daten und zur Gew\u00e4hrleistung personenbezogener Daten .digital rights, Horepos, informiert, dass Sie durch die Annahme dieser Datenschutzrichtlinie Ihre ausdr\u00fcckliche, informierte, freie und unmissverst\u00e4ndliche Zustimmung zu den von Ihnen bereitgestellten Daten geben und auf denen die in den geltenden Vorschriften vorgesehenen Sicherheits-, technischen und organisatorischen Ma\u00dfnahmen behandelt werden von Emilio Torres, der f\u00fcr die Behandlung verantwortlich ist.<\/p>\n<p>Die personenbezogenen Daten, die wir direkt von der interessierten Partei \u00fcber www.horepos.com sammeln k\u00f6nnten, werden vertraulich behandelt und in die entsprechende Behandlungst\u00e4tigkeit von HOREPOS integriert.<\/p>\n<p> <\/p>\n<h4><strong>WER IST F\u00dcR DIESE WEBSITE VERANTWORTLICH?<\/strong><\/h4>\n<p>Identidad del responsable: CONTROLES, REGISTROS Y M\u00c1QUINAS, S. L., en adelante HOREPOS<\/p>\n<p>NIF\/CIF: B-29087574<\/p>\n<p>Direcci\u00f3n: C\/ Iv\u00e1n Pavlov, 5. Parque Tecnol\u00f3gico, 29590 Campanillas &#8211; M\u00e1laga<\/p>\n<p>Correo electr\u00f3nico: info@horepos.com<\/p>\n<p>Tel\u00e9fono: +34 952 234 938<\/p>\n<p> <\/p>\n<h4><strong>WELCHE PERSONENBEZOGENEN DATEN WERDEN AUF DIESER WEBSITE ERFASST?<\/strong><\/h4>\n<p>F\u00fcr die in dieser Datenschutzrichtlinie festgelegten Zwecke erhebt und verarbeitet HOREPOS die unten aufgef\u00fchrten personenbezogenen Daten, die von den verschiedenen Produkten oder Dienstleistungen abh\u00e4ngen, die auf dieser Website angefordert werden:<\/p>\n<p><strong>Identifizierungsdaten<\/strong>: Name, Nachname, Vorname.<\/p>\n<p><strong>Kontaktinformationen<\/strong>: Postanschrift, E-Mail-Adresse, Mobiltelefonnummer.<\/p>\n<p><strong>Vertragsdaten:<\/strong> Daten zu vertraglichen Vorg\u00e4ngen, DNI \/ CIF \/ NIF, gekaufte Produkte und Dienstleistungen, Finanzvorg\u00e4nge, Zahlungsdaten.<\/p>\n<p><strong>Browsing-Daten:<\/strong> IP-Adresse, Typ und Identifikation des Ger\u00e4ts, Browsertyp, Domain, \u00fcber die Sie auf die Website zugreifen, Browsing-Daten, Aktivit\u00e4t auf der Website.<\/p>\n<p> <\/p>\n<h4><strong>AUF WELCHER RECHTSGRUNDLAGE WERDEN DIESE DATEN VERARBEITET?<\/strong><\/h4>\n<p>Wir behandeln Ihre personenbezogenen Daten mit den folgenden Rechtsgrundlagen:<\/p>\n<ul>\n<li>Die Ausf\u00fchrung eines Vertrags mit HOREPOS \u00fcber die Vergabe von Dienstleistungen und\/oder den Kauf von Produkten und die Verwaltung der angeforderten Dienstleistungen.<\/li>\n<li>Die Zustimmung des Benutzers in Bezug auf den Kontakt, das Abonnement von Inhalten und das Versenden von kommerziellen Mitteilungen per E-Mail, Cookies oder Messaging-Systemen.<\/li>\n<li>Das berechtigte Interesse des f\u00fcr die Datenverarbeitung Verantwortlichen, Webbenutzer vor Missbrauch und Betrug bei der Nutzung unserer Dienste zu sch\u00fctzen.<\/li>\n<\/ul>\n<p> <\/p>\n<h4><strong>ZU WELCHEN ZWECKEN VERARBEITEN WIR IHRE DATEN?<\/strong><\/h4>\n<p>Auf dieser Website kann es verschiedene Formulare geben. In jedem dieser Bereiche werden die von Ihnen gesammelten Informationen auf folgende Weise verwendet:<\/p>\n<p><strong>Kontakt-\/Support-Formular:<\/strong> In den Formularen f\u00fcr Fragen, Anregungen oder professionelle Kontaktaufnahme wird die E-Mail-Adresse verwendet, um darauf zu antworten und die vom Benutzer angeforderten Informationen \u00fcber das Internet zu senden.<\/p>\n<p><strong>Registrierungsformular:<\/strong> In diesem Fall werden wir Ihre pers\u00f6nlichen Daten anfordern, damit Sie ein Konto in unserem System erstellen und auf seine Funktionen zugreifen k\u00f6nnen.<\/p>\n<p><strong>Verkaufsformular:<\/strong> Wir verarbeiten Ihre Daten, um den Kauf unserer Produkte und\/oder Dienstleistungen zu verwalten, einschlie\u00dflich Bestellverwaltung, Zahlung und alle Vorg\u00e4nge im Zusammenhang mit der Beauftragung der ausgew\u00e4hlten Dienstleistung oder des Produkts. Dazu geh\u00f6rt der Versand von Follow-up-E-Mails, Antworten, Rechnungen, Quittungen usw.<\/p>\n<p> <\/p>\n<h4><strong>AUFBEWAHRUNGSFRIST F\u00dcR PERSONENBEZOGENE DATEN<\/strong><\/h4>\n<p>Die bereitgestellten personenbezogenen Daten werden so kurz wie m\u00f6glich aufbewahrt, wobei die Gr\u00fcnde, aus denen die Datenverarbeitung erforderlich ist, sowie die gesetzlichen Verpflichtungen zur Aufbewahrung der Daten f\u00fcr eine bestimmte Zeit, wie z. B. Arbeits-, Steuer- oder Sicherheitsgesetze, zu ber\u00fccksichtigen sind. Bek\u00e4mpfung von Betrug, die die Aufbewahrung personenbezogener Daten f\u00fcr einen bestimmten Zeitraum erfordern oder solange die betroffene Partei ihre Zustimmung nicht widerruft.<\/p>\n<p>Anschlie\u00dfend werden die Daten gem\u00e4\u00df den Bestimmungen der Datenschutzbestimmungen gel\u00f6scht, was ihre Sperrung impliziert und nur auf Anfrage von Richtern und Gerichten, der Staatsanwaltschaft oder den zust\u00e4ndigen \u00f6ffentlichen Verwaltungen w\u00e4hrend der Verj\u00e4hrungsfrist der Klagen verf\u00fcgbar ist ., die daraus entstehen k\u00f6nnten, und danach werden sie vollst\u00e4ndig beseitigt.<\/p>\n<p><strong>Kundendaten<\/strong>: Die Dauer der Aufbewahrung personenbezogener Daten h\u00e4ngt von der Dienstleistung ab, die der Kunde in Anspruch nimmt. In jedem Fall muss es sich um das erforderliche Minimum handeln und kann bis zu diesem Wert beibehalten werden:<\/p>\n<p>&#8211; 4 Jahre: Kunst. 66 ff. Allgemeines Steuerrecht (Rechnungsb\u00fccher&#8230;).<\/p>\n<p>&#8211; 5 Jahre: Art. 1964 des Zivilgesetzbuchs (pers\u00f6nliche Klagen ohne besondere Frist).<\/p>\n<p>&#8211; 6 Jahre: Art. 30 des Handelsgesetzbuchs (Gesch\u00e4ftsb\u00fccher, Rechnungen&#8230;).<\/p>\n<p>&#8211; 10 Jahre: Art. 25 des Gesetzes zur Verhinderung von Geldw\u00e4sche und Terrorismusfinanzierung.<\/p>\n<p><strong>Verteiler- oder Registrierungsdaten<\/strong>: Von dem Zeitpunkt an, an dem der Nutzer seine Zustimmung erteilt, bis zu dem Zeitpunkt, an dem der Nutzer sie zur\u00fcckzieht.<\/p>\n<p> <\/p>\n<h4><strong>WELCHE RECHTE HABEN SIE IN BEZUG AUF DIE VERWENDUNG IHRER DATEN?<\/strong><\/h4>\n<p>Jede Person hat das Recht, eine Best\u00e4tigung dar\u00fcber zu erhalten, ob HOREPOS sie betreffende personenbezogene Daten verarbeitet oder nicht.<\/p>\n<p>Interessierte Personen haben das Recht auf:<\/p>\n<ul>\n<li>Antrag auf Auskunft \u00fcber die personenbezogenen Daten der betroffenen Person.<\/li>\n<li>die Berichtigung oder L\u00f6schung der Daten zu verlangen.<\/li>\n<li>Beantragen Sie seine L\u00f6schung.<\/li>\n<li>die Einschr\u00e4nkung ihrer Verarbeitung beantragen.<\/li>\n<li>Entgegengesetzte Behandlung.<\/li>\n<li>Beantragen Sie Daten\u00fcbertragbarkeit.<\/li>\n<\/ul>\n<p>Wenn Sie Ihre Einwilligung f\u00fcr einen bestimmten Zweck erteilt haben, haben Sie das Recht, die erteilte Einwilligung jederzeit zu widerrufen, ohne dass die Rechtm\u00e4\u00dfigkeit der Behandlung aufgrund der Einwilligung vor ihrem Widerruf ber\u00fchrt wird.<\/p>\n<p>Falls Sie das Gef\u00fchl haben, dass Ihre Rechte in Bezug auf den Schutz Ihrer personenbezogenen Daten verletzt wurden, insbesondere wenn Sie bei der Aus\u00fcbung Ihrer Rechte keine Zufriedenheit erlangt haben, k\u00f6nnen Sie eine Beschwerde bei der Datenschutzkontrollbeh\u00f6rde einreichen.<\/p>\n<p>Um diese Rechte auszu\u00fcben, k\u00f6nnen Sie an info@horepos.com schreiben. Die Formulare k\u00f6nnen auch pers\u00f6nlich abgegeben oder postalisch an die oben genannten Kontaktadressen der Verantwortlichen gesendet werden.<\/p>\n<p>Wenn Sie durch einen gesetzlichen Vertreter handeln, m\u00fcssen Sie au\u00dferdem Ihren Personalausweis und eine Bescheinigung \u00fcber die Vertretung durch den Vertreter vorlegen.<\/p>\n<p>In den F\u00e4llen, in denen die f\u00fcr die Behandlung verantwortliche Person Zweifel an ihrer Identit\u00e4t hat, muss eine Fotokopie des Personalausweises oder eines gleichwertigen Dokuments vorgelegt werden, das die Identit\u00e4t nachweist und gesetzlich als g\u00fcltig gilt.<\/p>\n<p> <\/p>\n<h4><strong>MITTEILUNG UND ERKL\u00c4RUNG VON VERST\u00d6SSEN<\/strong><\/h4>\n<p>Bei HOREPOS ergreifen wir Sicherheitsma\u00dfnahmen, die dem Risikograd angemessen sind, um personenbezogene Daten vor Verlust, Missbrauch und unbefugtem Zugriff, Offenlegung, \u00c4nderung und Zerst\u00f6rung zu sch\u00fctzen, wobei wir die mit der Verarbeitung verbundenen Risiken und die Art der personenbezogenen Daten ber\u00fccksichtigen; Wenn HOREPOS jedoch feststellt, dass die von ihr verarbeiteten personenbezogenen Daten missbraucht, durch eine Sicherheitsverletzung offengelegt oder von einem Dritten f\u00e4lschlicherweise erfasst wurden, handelt HOREPOS unverz\u00fcglich unter Ber\u00fccksichtigung der Bestimmungen der DSGVO (The Regulation General Data Protection Act 2016 \/679 des Europ\u00e4ischen Parlaments und des Rates (EU)) und der zust\u00e4ndigen Datenschutzbeh\u00f6rden.<\/p>\n<p> <\/p>\n<h4><strong>AN WELCHE EMPF\u00c4NGER WERDEN IHRE DATEN WEITERGEGEBEN?<\/strong><\/h4>\n<p>Um bestimmte Aufgaben auszuf\u00fchren, die f\u00fcr die Entwicklung der Aktivit\u00e4t unbedingt erforderlich sind, kann HOREPOS Daten an verschiedene externe Dienstleister weitergeben, z. B. das Webentwicklungs- und Wartungsunternehmen oder Hosting, Zahlungsabwicklungsdienste, Auftragsabwicklung, Verwaltung von Marketingkampagnen, Website-Verwaltung , und E-Mail-Versand-, Kurier- und Transportunternehmen, damit sie kommerzielle Funktionen im Namen von HOREPOS ausf\u00fchren k\u00f6nnen. Alle von ihnen haben einen Vertrag \u00fcber die Erbringung von Dienstleistungen unterzeichnet, der sie verpflichtet, das gleiche Datenschutzniveau zu wahren, das f\u00fcr die auf dieser Website durchgef\u00fchrten Behandlungen gem\u00e4\u00df den geltenden Datenschutzbestimmungen gilt.<\/p>\n<p> <\/p>\n<h4><strong>DATENGEHEIMNIS UND SICHERHEIT<\/strong><\/h4>\n<p>HOREPOS verpflichtet sich, die personenbezogenen Daten des Benutzers unter Wahrung ihrer Vertraulichkeit gem\u00e4\u00df ihrem Zweck zu verwenden und zu behandeln; sowie ihrer Verpflichtung nachzukommen, sie zu speichern und alle Ma\u00dfnahmen zu ergreifen, um Ver\u00e4nderung, Verlust, Behandlung oder unbefugten Zugriff gem\u00e4\u00df den Bestimmungen der geltenden Datenschutzbestimmungen zu vermeiden.<\/p>\n<p>HOREPOS kann weder die absolute Unangreifbarkeit des Internets noch die Verletzung von Daten durch betr\u00fcgerischen Zugriff Dritter garantieren.<\/p>\n<p>In Bezug auf die Vertraulichkeit der Verarbeitung stellt HOREPOS sicher, dass jede Person, die von HOREPOS zur Verarbeitung der Kundendaten bevollm\u00e4chtigt wurde (einschlie\u00dflich ihrer Mitarbeiter, Mitarbeiter und Anbieter), zur Vertraulichkeit verpflichtet ist (entweder vertraglich oder gesetzlich).<\/p>\n<p> <\/p>\n<h4><strong>GENAUIGKEIT UND WAHRHAFTIGKEIT DER DATEN<\/strong><\/h4>\n<p>Als Benutzer sind Sie allein verantwortlich f\u00fcr die Richtigkeit und Richtigkeit der Daten, die Sie uns \u00fcbermitteln, und entbinden HOREPOS diesbez\u00fcglich von jeglicher Verantwortung. Die Benutzer garantieren und sind in jedem Fall f\u00fcr die Richtigkeit, G\u00fcltigkeit und Authentizit\u00e4t der bereitgestellten personenbezogenen Daten verantwortlich und verpflichten sich, diese ordnungsgem\u00e4\u00df auf dem neuesten Stand zu halten.<\/p>\n<p> <\/p>\n<h4><strong>PERSONENBEZOGENE DATEN VON DRITTEN<\/strong><\/h4>\n<p>F\u00fcr den Fall, dass die bereitgestellten personenbezogenen Daten einem Dritten geh\u00f6rten, garantieren Sie als Benutzer, dass Sie diesen Dritten \u00fcber diese Datenschutzrichtlinie informiert und seine Genehmigung erhalten haben, Ihre Daten f\u00fcr die angegebenen Zwecke an HOREPOS weiterzugeben. Ebenso garantiert es, dass die bereitgestellten Daten korrekt und aktuell sind, und haftet f\u00fcr alle Sch\u00e4den oder Verluste, die direkt oder indirekt durch die Verletzung dieser Verpflichtung entstehen k\u00f6nnten.<\/p>\n<p> <\/p>\n<h4><strong>\u00c4NDERUNGEN AN DER DATENSCHUTZPOLITIK<\/strong><\/h4>\n<p>HOREPOS beh\u00e4lt sich das Recht vor, diese Richtlinie zu \u00e4ndern, um sie an neue Gesetze oder Rechtsprechung sowie Branchenpraktiken anzupassen. In diesem Fall werden die \u00c4nderungen rechtzeitig vor ihrer Umsetzung auf dieser Seite bekannt gegeben.<\/p>\n<p> <\/p>\n<h4><strong>ZUS\u00c4TZLICHE INFORMATIONEN ZUM DATENSCHUTZ<\/strong><\/h4>\n<p>Wenn Sie zus\u00e4tzliche Informationen zum Datenschutz ben\u00f6tigen, k\u00f6nnen Sie uns eine E-Mail an info@horepos.com oder eine Mitteilung an die oben angegebene Adresse senden, und je nach Art der Beziehung, die Sie mit unserem Unternehmen haben, und der Verarbeitung personenbezogener Daten die wir durchf\u00fchren, stellen wir Ihnen die entsprechenden zus\u00e4tzlichen Informationen zur Verf\u00fcgung.<\/p>\n<p>Im Falle einer Diskrepanz, zwischen der Bedeutung einer \u00fcbersetzten Version dieses Dokumentes und der urspr\u00fcnglichen spanischen Sprachversion, hat die spanische Sprachversion Vorrang.<\/p>\t\t\t\t\t\t\t\t<\/div>\n\t\t\t\t<\/div>\n\t\t\t\t\t<\/div>\n\t\t<\/div>\n\t\t\t\t\t<\/div>\n\t\t<\/section>\n\t\t\t\t<\/div>\n\t\t","protected":false},"excerpt":{"rendered":"<p>Diese Richtlinie dr\u00fcckt aus, wie die pers\u00f6nlichen Daten aller Personen, die \u00fcber diese Website mit HOREPOS in Verbindung stehen, behandelt und gesch\u00fctzt werden. Bitte lesen Sie<span class=\"excerpt-hellip\"> [\u2026]<\/span><\/p>\n","protected":false},"author":184,"featured_media":0,"parent":0,"menu_order":102,"comment_status":"closed","ping_status":"closed","template":"elementor_header_footer","meta":{"_acf_changed":false,"footnotes":""},"class_list":["post-3786","page","type-page","status-publish","hentry"],"acf":[],"_links":{"self":[{"href":"https:\/\/horepos.com\/de\/wp-json\/wp\/v2\/pages\/3786","targetHints":{"allow":["GET"]}}],"collection":[{"href":"https:\/\/horepos.com\/de\/wp-json\/wp\/v2\/pages"}],"about":[{"href":"https:\/\/horepos.com\/de\/wp-json\/wp\/v2\/types\/page"}],"author":[{"embeddable":true,"href":"https:\/\/horepos.com\/de\/wp-json\/wp\/v2\/users\/184"}],"replies":[{"embeddable":true,"href":"https:\/\/horepos.com\/de\/wp-json\/wp\/v2\/comments?post=3786"}],"version-history":[{"count":0,"href":"https:\/\/horepos.com\/de\/wp-json\/wp\/v2\/pages\/3786\/revisions"}],"wp:attachment":[{"href":"https:\/\/horepos.com\/de\/wp-json\/wp\/v2\/media?parent=3786"}],"curies":[{"name":"wp","href":"https:\/\/api.w.org\/{rel}","templated":true}]}}